{"id":6599,"date":"2020-12-29T18:07:01","date_gmt":"2020-12-29T18:07:01","guid":{"rendered":"http:\/\/54.91.197.45\/?page_id=6599"},"modified":"2022-05-30T22:38:41","modified_gmt":"2022-05-31T03:38:41","slug":"custom-language-learning-solutions","status":"publish","type":"page","link":"https:\/\/www.elltechnologies.com\/es\/custom-language-learning-solutions\/","title":{"rendered":"Soluciones personalizadas"},"content":{"rendered":"[et_pb_section fb_built=&#8221;1&#8243; next_background_color=&#8221;#ffffff&#8221; admin_label=&#8221;Header&#8221; _builder_version=&#8221;4.8.0&#8243; use_background_color_gradient=&#8221;on&#8221; background_color_gradient_start=&#8221;#4c32d3&#8243; background_color_gradient_end=&#8221;#40bbf7&#8243; background_color_gradient_direction=&#8221;166deg&#8221; background_enable_image=&#8221;off&#8221; parallax=&#8221;on&#8221; width=&#8221;100%&#8221; module_alignment=&#8221;center&#8221; bottom_divider_style=&#8221;ramp2&#8243; bottom_divider_flip=&#8221;horizontal&#8221; bottom_divider_height_tablet=&#8221;150px&#8221; bottom_divider_height_phone=&#8221;110px&#8221; bottom_divider_height_last_edited=&#8221;on|phone&#8221; saved_tabs=&#8221;all&#8221; global_colors_info=&#8221;{}&#8221;][et_pb_row _builder_version=&#8221;4.8.0&#8243; width_last_edited=&#8221;off|desktop&#8221; global_colors_info=&#8221;{}&#8221;][et_pb_column type=&#8221;4_4&#8243; _builder_version=&#8221;3.25&#8243; custom_padding=&#8221;|||&#8221; global_colors_info=&#8221;{}&#8221; custom_padding__hover=&#8221;|||&#8221;][et_pb_text _builder_version=&#8221;4.9.3&#8243; text_font=&#8221;Roboto||||||||&#8221; text_line_height=&#8221;1.8em&#8221; header_font=&#8221;Montserrat|700|||||||&#8221; header_text_align=&#8221;center&#8221; header_font_size=&#8221;60px&#8221; header_line_height=&#8221;1.2em&#8221; header_3_font=&#8221;Roboto|700||on|||||&#8221; header_3_text_align=&#8221;center&#8221; header_3_text_color=&#8221;#ffffff&#8221; header_3_font_size=&#8221;24px&#8221; header_3_letter_spacing=&#8221;10px&#8221; header_3_line_height=&#8221;2em&#8221; text_orientation=&#8221;center&#8221; background_layout=&#8221;dark&#8221; module_alignment=&#8221;center&#8221; custom_margin=&#8221;-27px|||||&#8221; text_font_size_last_edited=&#8221;off|desktop&#8221; header_font_size_tablet=&#8221;40px&#8221; header_font_size_phone=&#8221;32px&#8221; header_font_size_last_edited=&#8221;on|phone&#8221; header_3_font_size_tablet=&#8221;16px&#8221; header_3_font_size_phone=&#8221;14px&#8221; header_3_font_size_last_edited=&#8221;on|phone&#8221; header_3_letter_spacing_tablet=&#8221;5px&#8221; header_3_letter_spacing_phone=&#8221;&#8221; header_3_letter_spacing_last_edited=&#8221;on|tablet&#8221; global_colors_info=&#8221;{}&#8221;]<h2><\/h2>\n<h1>\u00a0\u00bfBuscando una<\/h1>\n<h1>Soluci\u00f3n Personalizada?<\/h1>[\/et_pb_text][\/et_pb_column][\/et_pb_row][\/et_pb_section][et_pb_section fb_built=&#8221;1&#8243; admin_label=&#8221;Contact&#8221; _builder_version=&#8221;4.8.0&#8243; custom_padding=&#8221;31px||31px||true|false&#8221; saved_tabs=&#8221;all&#8221; global_colors_info=&#8221;{}&#8221;][et_pb_row _builder_version=&#8221;4.7.7&#8243; _module_preset=&#8221;default&#8221; custom_padding=&#8221;3px|||||&#8221; global_colors_info=&#8221;{}&#8221;][et_pb_column type=&#8221;4_4&#8243; _builder_version=&#8221;4.7.7&#8243; _module_preset=&#8221;default&#8221; global_colors_info=&#8221;{}&#8221;][et_pb_text _builder_version=&#8221;4.10.6&#8243; text_font=&#8221;Montserrat||||||||&#8221; text_text_color=&#8221;#454D60&#8243; text_line_height=&#8221;2em&#8221; ul_font=&#8221;||||||||&#8221; header_font=&#8221;||||||||&#8221; header_2_font=&#8221;Montserrat|700|||||||&#8221; header_2_text_color=&#8221;#454D60&#8243; header_2_font_size=&#8221;40px&#8221; header_2_line_height=&#8221;1.2em&#8221; header_3_font=&#8221;||||||||&#8221; text_orientation=&#8221;center&#8221; max_width=&#8221;800px&#8221; max_width_last_edited=&#8221;off|desktop&#8221; module_alignment=&#8221;center&#8221; min_height=&#8221;125.5px&#8221; custom_margin=&#8221;17px|||90px||&#8221; custom_padding=&#8221;|||0px||&#8221; hover_enabled=&#8221;0&#8243; header_2_font_size_tablet=&#8221;35px&#8221; header_2_font_size_phone=&#8221;28px&#8221; header_2_font_size_last_edited=&#8221;on|phone&#8221; global_colors_info=&#8221;{}&#8221; sticky_enabled=&#8221;0&#8243;]<h2><span>Podemos ayudarle a encontrarla.<\/span><\/h2>\n<p><span>Cu\u00e9ntenos sus necesidades. Luego, nuestro equipo de expertos puede dise\u00f1ar una soluci\u00f3n personalizada para su organizaci\u00f3n.<br \/><\/span><span>Complete la informaci\u00f3n apropiada a continuaci\u00f3n. Nuestro equipo se pondr\u00e1 en contacto con usted en breve.<\/span><\/p>[\/et_pb_text][et_pb_code _builder_version=&#8221;4.10.6&#8243; _module_preset=&#8221;default&#8221; hover_enabled=&#8221;0&#8243; sticky_enabled=&#8221;0&#8243; max_width=&#8221;800px&#8221; module_alignment=&#8221;center&#8221;]<!-- [et_pb_line_break_holder] --><!-- [et_pb_line_break_holder] --><script charset=\"utf-8\" type=\"text\/javascript\" src=\"\/\/js.hsforms.net\/forms\/shell.js\"><\/script><!-- [et_pb_line_break_holder] --><script><!-- [et_pb_line_break_holder] -->  hbspt.forms.create({<!-- [et_pb_line_break_holder] -->    region: \"na1\",<!-- [et_pb_line_break_holder] -->    portalId: \"8474320\",<!-- [et_pb_line_break_holder] -->    formId: \"5a3cc3ba-f01d-4d7d-ae1e-71b7a6c542a5\"<!-- [et_pb_line_break_holder] -->});<!-- [et_pb_line_break_holder] --><\/script><!-- [et_pb_line_break_holder] -->[\/et_pb_code][\/et_pb_column][\/et_pb_row][\/et_pb_section]","protected":false},"excerpt":{"rendered":"<p>\u00a0Looking For a Custom Solution?We can help you to find it. Tell us about your needs. Then, our team of experts can design a custom solution for your organization.Fill out the appropriate information below. Our team will contact you shortly.<\/p>","protected":false},"author":2,"featured_media":8676,"parent":0,"menu_order":0,"comment_status":"closed","ping_status":"closed","template":"","meta":{"_et_pb_use_builder":"on","_et_pb_old_content":"","_et_gb_content_width":"","content-type":"","om_disable_all_campaigns":false,"_monsterinsights_skip_tracking":false,"_monsterinsights_sitenote_active":false,"_monsterinsights_sitenote_note":"","_monsterinsights_sitenote_category":0,"_uf_show_specific_survey":0,"_uf_disable_surveys":false},"aioseo_notices":[],"yoast_head":"<!-- This site is optimized with the Yoast SEO plugin v20.6 - https:\/\/yoast.com\/wordpress\/plugins\/seo\/ -->\n<title>Custom-Build LMS &amp; Courses for Your Unique Language Teaching Needs - ELL Technologies<\/title>\n<meta name=\"description\" content=\"We can help you to find it. Tell us about your needs. Then, our team of experts can design a custom solution for your organization.\" \/>\n<meta name=\"robots\" content=\"index, follow, max-snippet:-1, max-image-preview:large, max-video-preview:-1\" \/>\n<link rel=\"canonical\" href=\"https:\/\/www.elltechnologies.com\/es\/custom-language-learning-solutions\/\" \/>\n<meta property=\"og:locale\" content=\"es_ES\" \/>\n<meta property=\"og:type\" content=\"article\" \/>\n<meta property=\"og:title\" content=\"Custom-Build LMS &amp; Courses for Your Unique Language Teaching Needs - ELL Technologies\" \/>\n<meta property=\"og:description\" content=\"We can help you to find it. Tell us about your needs. Then, our team of experts can design a custom solution for your organization.\" \/>\n<meta property=\"og:url\" content=\"https:\/\/www.elltechnologies.com\/es\/custom-language-learning-solutions\/\" \/>\n<meta property=\"og:site_name\" content=\"ELL Technologies\" \/>\n<meta property=\"article:publisher\" content=\"https:\/\/www.facebook.com\/ELLTechnologies\/\" \/>\n<meta property=\"article:modified_time\" content=\"2022-05-31T03:38:41+00:00\" \/>\n<meta property=\"og:image\" content=\"https:\/\/www.elltechnologies.com\/wp-content\/uploads\/2021\/01\/ELL-Thumbnail-compressed.png\" \/>\n\t<meta property=\"og:image:width\" content=\"1200\" \/>\n\t<meta property=\"og:image:height\" content=\"628\" \/>\n\t<meta property=\"og:image:type\" content=\"image\/png\" \/>\n<meta name=\"twitter:card\" content=\"summary_large_image\" \/>\n<meta name=\"twitter:site\" content=\"@ELLTechnologiez\" \/>\n<meta name=\"twitter:label1\" content=\"Tiempo estimado de lectura\" \/>\n\t<meta name=\"twitter:data1\" content=\"1 minuto\" \/>\n<script type=\"application\/ld+json\" class=\"yoast-schema-graph\">{\"@context\":\"https:\/\/schema.org\",\"@graph\":[{\"@type\":\"WebPage\",\"@id\":\"https:\/\/www.elltechnologies.com\/custom-language-learning-solutions\/\",\"url\":\"https:\/\/www.elltechnologies.com\/custom-language-learning-solutions\/\",\"name\":\"Custom-Build LMS & Courses for Your Unique Language Teaching Needs - ELL Technologies\",\"isPartOf\":{\"@id\":\"https:\/\/www.elltechnologies.com\/#website\"},\"datePublished\":\"2020-12-29T18:07:01+00:00\",\"dateModified\":\"2022-05-31T03:38:41+00:00\",\"description\":\"We can help you to find it. Tell us about your needs. Then, our team of experts can design a custom solution for your organization.\",\"breadcrumb\":{\"@id\":\"https:\/\/www.elltechnologies.com\/custom-language-learning-solutions\/#breadcrumb\"},\"inLanguage\":\"es-CO\",\"potentialAction\":[{\"@type\":\"ReadAction\",\"target\":[\"https:\/\/www.elltechnologies.com\/custom-language-learning-solutions\/\"]}]},{\"@type\":\"BreadcrumbList\",\"@id\":\"https:\/\/www.elltechnologies.com\/custom-language-learning-solutions\/#breadcrumb\",\"itemListElement\":[{\"@type\":\"ListItem\",\"position\":1,\"name\":\"Home\",\"item\":\"https:\/\/www.elltechnologies.com\/\"},{\"@type\":\"ListItem\",\"position\":2,\"name\":\"Custom Solutions\"}]},{\"@type\":\"WebSite\",\"@id\":\"https:\/\/www.elltechnologies.com\/#website\",\"url\":\"https:\/\/www.elltechnologies.com\/\",\"name\":\"ELL Technologies\",\"description\":\"Everybody Loves Languages\",\"publisher\":{\"@id\":\"https:\/\/www.elltechnologies.com\/#organization\"},\"potentialAction\":[{\"@type\":\"SearchAction\",\"target\":{\"@type\":\"EntryPoint\",\"urlTemplate\":\"https:\/\/www.elltechnologies.com\/?s={search_term_string}\"},\"query-input\":\"required name=search_term_string\"}],\"inLanguage\":\"es-CO\"},{\"@type\":\"Organization\",\"@id\":\"https:\/\/www.elltechnologies.com\/#organization\",\"name\":\"ELL Technologies | Your All-in-One Language Learning Software\",\"url\":\"https:\/\/www.elltechnologies.com\/\",\"logo\":{\"@type\":\"ImageObject\",\"inLanguage\":\"es-CO\",\"@id\":\"https:\/\/www.elltechnologies.com\/#\/schema\/logo\/image\/\",\"url\":\"https:\/\/www.elltechnologies.com\/wp-content\/uploads\/2021\/01\/ELL-logo-icon-onlu.png\",\"contentUrl\":\"https:\/\/www.elltechnologies.com\/wp-content\/uploads\/2021\/01\/ELL-logo-icon-onlu.png\",\"width\":1281,\"height\":1187,\"caption\":\"ELL Technologies | Your All-in-One Language Learning Software\"},\"image\":{\"@id\":\"https:\/\/www.elltechnologies.com\/#\/schema\/logo\/image\/\"},\"sameAs\":[\"https:\/\/www.facebook.com\/ELLTechnologies\/\",\"https:\/\/twitter.com\/ELLTechnologiez\",\"https:\/\/www.instagram.com\/ell_technologies\/\",\"https:\/\/www.linkedin.com\/company\/elltechnologies\/\",\"https:\/\/www.youtube.com\/channel\/UCT4UD74S1ymp2f87wozE4CA\"]}]}<\/script>\n<!-- \/ Yoast SEO plugin. -->","yoast_head_json":{"title":"Custom-Build LMS & Courses for Your Unique Language Teaching Needs - ELL Technologies","description":"We can help you to find it. Tell us about your needs. Then, our team of experts can design a custom solution for your organization.","robots":{"index":"index","follow":"follow","max-snippet":"max-snippet:-1","max-image-preview":"max-image-preview:large","max-video-preview":"max-video-preview:-1"},"canonical":"https:\/\/www.elltechnologies.com\/es\/custom-language-learning-solutions\/","og_locale":"es_ES","og_type":"article","og_title":"Custom-Build LMS & Courses for Your Unique Language Teaching Needs - ELL Technologies","og_description":"We can help you to find it. Tell us about your needs. Then, our team of experts can design a custom solution for your organization.","og_url":"https:\/\/www.elltechnologies.com\/es\/custom-language-learning-solutions\/","og_site_name":"ELL Technologies","article_publisher":"https:\/\/www.facebook.com\/ELLTechnologies\/","article_modified_time":"2022-05-31T03:38:41+00:00","og_image":[{"width":1200,"height":628,"url":"https:\/\/www.elltechnologies.com\/wp-content\/uploads\/2021\/01\/ELL-Thumbnail-compressed.png","type":"image\/png"}],"twitter_card":"summary_large_image","twitter_site":"@ELLTechnologiez","twitter_misc":{"Tiempo estimado de lectura":"1 minuto"},"schema":{"@context":"https:\/\/schema.org","@graph":[{"@type":"WebPage","@id":"https:\/\/www.elltechnologies.com\/custom-language-learning-solutions\/","url":"https:\/\/www.elltechnologies.com\/custom-language-learning-solutions\/","name":"Custom-Build LMS & Courses for Your Unique Language Teaching Needs - ELL Technologies","isPartOf":{"@id":"https:\/\/www.elltechnologies.com\/#website"},"datePublished":"2020-12-29T18:07:01+00:00","dateModified":"2022-05-31T03:38:41+00:00","description":"We can help you to find it. Tell us about your needs. Then, our team of experts can design a custom solution for your organization.","breadcrumb":{"@id":"https:\/\/www.elltechnologies.com\/custom-language-learning-solutions\/#breadcrumb"},"inLanguage":"es-CO","potentialAction":[{"@type":"ReadAction","target":["https:\/\/www.elltechnologies.com\/custom-language-learning-solutions\/"]}]},{"@type":"BreadcrumbList","@id":"https:\/\/www.elltechnologies.com\/custom-language-learning-solutions\/#breadcrumb","itemListElement":[{"@type":"ListItem","position":1,"name":"Home","item":"https:\/\/www.elltechnologies.com\/"},{"@type":"ListItem","position":2,"name":"Custom Solutions"}]},{"@type":"WebSite","@id":"https:\/\/www.elltechnologies.com\/#website","url":"https:\/\/www.elltechnologies.com\/","name":"ELL Technologies","description":"Everybody Loves Languages","publisher":{"@id":"https:\/\/www.elltechnologies.com\/#organization"},"potentialAction":[{"@type":"SearchAction","target":{"@type":"EntryPoint","urlTemplate":"https:\/\/www.elltechnologies.com\/?s={search_term_string}"},"query-input":"required name=search_term_string"}],"inLanguage":"es-CO"},{"@type":"Organization","@id":"https:\/\/www.elltechnologies.com\/#organization","name":"ELL Technologies | Your All-in-One Language Learning Software","url":"https:\/\/www.elltechnologies.com\/","logo":{"@type":"ImageObject","inLanguage":"es-CO","@id":"https:\/\/www.elltechnologies.com\/#\/schema\/logo\/image\/","url":"https:\/\/www.elltechnologies.com\/wp-content\/uploads\/2021\/01\/ELL-logo-icon-onlu.png","contentUrl":"https:\/\/www.elltechnologies.com\/wp-content\/uploads\/2021\/01\/ELL-logo-icon-onlu.png","width":1281,"height":1187,"caption":"ELL Technologies | Your All-in-One Language Learning Software"},"image":{"@id":"https:\/\/www.elltechnologies.com\/#\/schema\/logo\/image\/"},"sameAs":["https:\/\/www.facebook.com\/ELLTechnologies\/","https:\/\/twitter.com\/ELLTechnologiez","https:\/\/www.instagram.com\/ell_technologies\/","https:\/\/www.linkedin.com\/company\/elltechnologies\/","https:\/\/www.youtube.com\/channel\/UCT4UD74S1ymp2f87wozE4CA"]}]}},"_links":{"self":[{"href":"https:\/\/www.elltechnologies.com\/es\/wp-json\/wp\/v2\/pages\/6599"}],"collection":[{"href":"https:\/\/www.elltechnologies.com\/es\/wp-json\/wp\/v2\/pages"}],"about":[{"href":"https:\/\/www.elltechnologies.com\/es\/wp-json\/wp\/v2\/types\/page"}],"author":[{"embeddable":true,"href":"https:\/\/www.elltechnologies.com\/es\/wp-json\/wp\/v2\/users\/2"}],"replies":[{"embeddable":true,"href":"https:\/\/www.elltechnologies.com\/es\/wp-json\/wp\/v2\/comments?post=6599"}],"version-history":[{"count":4,"href":"https:\/\/www.elltechnologies.com\/es\/wp-json\/wp\/v2\/pages\/6599\/revisions"}],"predecessor-version":[{"id":10530,"href":"https:\/\/www.elltechnologies.com\/es\/wp-json\/wp\/v2\/pages\/6599\/revisions\/10530"}],"wp:featuredmedia":[{"embeddable":true,"href":"https:\/\/www.elltechnologies.com\/es\/wp-json\/wp\/v2\/media\/8676"}],"wp:attachment":[{"href":"https:\/\/www.elltechnologies.com\/es\/wp-json\/wp\/v2\/media?parent=6599"}],"curies":[{"name":"wp","href":"https:\/\/api.w.org\/{rel}","templated":true}]}}