{"id":6608,"date":"2020-12-29T18:09:25","date_gmt":"2020-12-29T18:09:25","guid":{"rendered":"http:\/\/54.91.197.45\/?page_id=6608"},"modified":"2022-05-30T22:43:24","modified_gmt":"2022-05-31T03:43:24","slug":"speak2me","status":"publish","type":"page","link":"https:\/\/www.elltechnologies.com\/es\/speak2me\/","title":{"rendered":"Speak2Me"},"content":{"rendered":"[et_pb_section fb_built=&#8221;1&#8243; custom_padding_last_edited=&#8221;off|desktop&#8221; next_background_color=&#8221;#ffffff&#8221; admin_label=&#8221;Header&#8221; _builder_version=&#8221;4.8.0&#8243; background_enable_color=&#8221;off&#8221; use_background_color_gradient=&#8221;on&#8221; background_color_gradient_start=&#8221;#4c32d3&#8243; background_color_gradient_end=&#8221;#40bbf7&#8243; background_color_gradient_direction=&#8221;100deg&#8221; background_enable_image=&#8221;off&#8221; background_position=&#8221;bottom_center&#8221; overflow-x=&#8221;hidden&#8221; overflow-y=&#8221;hidden&#8221; bottom_divider_style=&#8221;ramp2&#8243; bottom_divider_flip=&#8221;horizontal&#8221;][et_pb_row _builder_version=&#8221;4.8.0&#8243; max_width=&#8221;none&#8221; overflow-x=&#8221;visible&#8221; overflow-y=&#8221;visible&#8221;][et_pb_column type=&#8221;4_4&#8243; _builder_version=&#8221;4.8.0&#8243;][et_pb_text _builder_version=&#8221;4.8.0&#8243; text_font=&#8221;|600|||||||&#8221; text_font_size=&#8221;18px&#8221; text_line_height=&#8221;2em&#8221; header_font=&#8221;IBM Plex Sans Condensed|700|||||||&#8221; header_font_size=&#8221;6vw&#8221; header_line_height=&#8221;1.2em&#8221; text_orientation=&#8221;center&#8221; background_layout=&#8221;dark&#8221; text_font_size_tablet=&#8221;16px&#8221; text_font_size_phone=&#8221;14px&#8221; text_font_size_last_edited=&#8221;on|phone&#8221; header_font_size_tablet=&#8221;50px&#8221; header_font_size_phone=&#8221;36px&#8221; header_font_size_last_edited=&#8221;on|phone&#8221; locked=&#8221;off&#8221;]<h1><\/h1>\n<p>Mejora las habilidades de conversaci\u00f3n de tus estudiantes.<\/p>\n<h1>Speak2Me<\/h1>[\/et_pb_text][et_pb_button button_url=&#8221;https:\/\/speak2m.olalearn.com\/&#8221; url_new_window=&#8221;on&#8221; button_text=&#8221;FREE TRIAL&#8221; button_alignment=&#8221;center&#8221; _builder_version=&#8221;4.8.0&#8243; custom_button=&#8221;on&#8221; button_text_size=&#8221;16px&#8221; button_text_color=&#8221;#ffffff&#8221; button_bg_use_color_gradient=&#8221;on&#8221; button_bg_color_gradient_start=&#8221;#8f32e9&#8243; button_bg_color_gradient_end=&#8221;#e542d6&#8243; button_bg_color_gradient_direction=&#8221;100deg&#8221; button_border_width=&#8221;0px&#8221; button_border_radius=&#8221;13px&#8221; button_letter_spacing=&#8221;0px&#8221; button_font=&#8221;|700|||||||&#8221; custom_padding=&#8221;16px|30px|16px|30px|true|true&#8221; hover_enabled=&#8221;0&#8243; box_shadow_style=&#8221;preset1&#8243; box_shadow_spread=&#8221;-6px&#8221; box_shadow_color=&#8221;RGBA(0,0,0,0)&#8221; locked=&#8221;off&#8221; custom_padding_last_edited=&#8221;on|phone&#8221; custom_padding_phone=&#8221;12px|15px|12px|15px|true|true&#8221; sticky_enabled=&#8221;0&#8243;][\/et_pb_button][\/et_pb_column][\/et_pb_row][\/et_pb_section][et_pb_section fb_built=&#8221;1&#8243; custom_padding_last_edited=&#8221;off|desktop&#8221; admin_label=&#8221;Services&#8221; _builder_version=&#8221;4.2.2&#8243; custom_padding=&#8221;||||false|false&#8221; custom_padding_tablet=&#8221;0px||0px||true|false&#8221;][et_pb_row _builder_version=&#8221;4.8.0&#8243; _module_preset=&#8221;default&#8221;][et_pb_column type=&#8221;4_4&#8243; _builder_version=&#8221;4.8.0&#8243; _module_preset=&#8221;default&#8221;][et_pb_text _builder_version=&#8221;4.8.0&#8243; _module_preset=&#8221;default&#8221; hover_enabled=&#8221;0&#8243; header_line_height=&#8221;1.2em&#8221; header_line_height_last_edited=&#8221;on|phone&#8221; header_2_line_height=&#8221;1.2em&#8221; text_line_height=&#8221;1.8em&#8221; sticky_enabled=&#8221;0&#8243;]<h2><span>Brinda a tus estudiantes una herramienta para practicar sus habilidades de habla inglesa mientras aumentan su confianza en la conversaci\u00f3n.<\/span><\/h2>\n<p><span><\/span><\/p>\n<p><span>Cada di\u00e1logo ofrece la posibilidad de elegir diferentes respuestas, construyendo una historia \u00fanica que proporciona m\u00e1s de 100 horas de pr\u00e1ctica oral.<\/span><span><\/span><\/p>\n<p>Los estudiantes seleccionan su nivel de competencia, el avatar y comienzan a hablar para recibir comentarios codificados por colores con una puntuaci\u00f3n, que indica d\u00f3nde lo hicieron bien y d\u00f3nde pueden mejorar.<\/p>[\/et_pb_text][\/et_pb_column][\/et_pb_row][et_pb_row column_structure=&#8221;1_3,1_3,1_3&#8243; _builder_version=&#8221;4.1&#8243; link_option_url=&#8221;#&#8221;][et_pb_column type=&#8221;1_3&#8243; _builder_version=&#8221;4.0.9&#8243;][et_pb_blurb title=&#8221;Choose a Conversation &#8221; use_icon=&#8221;on&#8221; font_icon=&#8221;%%222%%&#8221; icon_color=&#8221;#4C32D3&#8243; icon_alignment=&#8221;left&#8221; _builder_version=&#8221;4.8.0&#8243; header_level=&#8221;h3&#8243; header_font=&#8221;IBM Plex Sans Condensed|700|||||||&#8221; header_font_size=&#8221;24px&#8221; header_line_height=&#8221;1.2em&#8221; body_line_height=&#8221;1.8em&#8221; custom_padding=&#8221;||0px|||&#8221; link_option_url=&#8221;#&#8221; header_font_size_tablet=&#8221;&#8221; header_font_size_phone=&#8221;20px&#8221; header_font_size_last_edited=&#8221;on|phone&#8221;]<p>Elije entre una variedad de temas que simulan escenarios de la vida real, en tres niveles: b\u00e1sico, intermedio y avanzado.<\/p>[\/et_pb_blurb][\/et_pb_column][et_pb_column type=&#8221;1_3&#8243; _builder_version=&#8221;4.0.9&#8243;][et_pb_blurb title=&#8221;Practice your Speaking&#8221; use_icon=&#8221;on&#8221; font_icon=&#8221;%%247%%&#8221; icon_color=&#8221;#4C32D3&#8243; icon_alignment=&#8221;left&#8221; _builder_version=&#8221;4.8.0&#8243; header_level=&#8221;h3&#8243; header_font=&#8221;IBM Plex Sans Condensed|700|||||||&#8221; header_font_size=&#8221;24px&#8221; header_line_height=&#8221;1.2em&#8221; body_line_height=&#8221;1.8em&#8221; link_option_url=&#8221;#&#8221; header_font_size_tablet=&#8221;&#8221; header_font_size_phone=&#8221;20px&#8221; header_font_size_last_edited=&#8221;on|phone&#8221;]<p>Escucha la pregunta y graba tu respuesta para avanzar en la conversaci\u00f3n. Una grabaci\u00f3n de hablante nativo est\u00e1 disponible para ayudar a los estudiantes a practicar.<\/p>[\/et_pb_blurb][\/et_pb_column][et_pb_column type=&#8221;1_3&#8243; _builder_version=&#8221;4.0.9&#8243;][et_pb_blurb title=&#8221;Immediate Feedback&#8221; use_icon=&#8221;on&#8221; font_icon=&#8221;%%170%%&#8221; icon_color=&#8221;#4C32D3&#8243; icon_alignment=&#8221;left&#8221; _builder_version=&#8221;4.8.0&#8243; header_level=&#8221;h3&#8243; header_font=&#8221;IBM Plex Sans Condensed|700|||||||&#8221; header_font_size=&#8221;24px&#8221; header_line_height=&#8221;1.2em&#8221; body_line_height=&#8221;1.8em&#8221; link_option_url=&#8221;#&#8221; header_font_size_tablet=&#8221;&#8221; header_font_size_phone=&#8221;20px&#8221; header_font_size_last_edited=&#8221;on|phone&#8221;]<p>La retroalimentaci\u00f3n codificada por colores indica los fonemas que los estudiantes est\u00e1n pronuciando bien y aquellos que necesitan m\u00e1s pr\u00e1ctica.\u00a0<\/p>[\/et_pb_blurb][\/et_pb_column][\/et_pb_row][et_pb_row _builder_version=&#8221;4.8.0&#8243; _module_preset=&#8221;default&#8221;][et_pb_column type=&#8221;4_4&#8243; _builder_version=&#8221;4.8.0&#8243; _module_preset=&#8221;default&#8221;][et_pb_image src=&#8221;https:\/\/www.elltechnologies.com\/wp-content\/uploads\/2021\/01\/Speak2me-results.png&#8221; alt=&#8221;Speak2me demo&#8221; title_text=&#8221;Speak2me-results&#8221; url=&#8221;https:\/\/speak2m.olalearn.com\/&#8221; url_new_window=&#8221;on&#8221; align=&#8221;right&#8221; _builder_version=&#8221;4.8.0&#8243; transform_translate_linked=&#8221;off&#8221; max_height_tablet=&#8221;600px&#8221; max_height_phone=&#8221;400px&#8221; max_height_last_edited=&#8221;on|phone&#8221; border_radii=&#8221;on|10px|10px|10px|10px&#8221; box_shadow_style=&#8221;preset1&#8243; box_shadow_spread=&#8221;-6px&#8221;][\/et_pb_image][\/et_pb_column][\/et_pb_row][\/et_pb_section]","protected":false},"excerpt":{"rendered":"<p>Boost students&#8217; conversation skills. Speak2MeGive students a tool to practice their English speaking skills while boosting their confidence in conversation. Each dialogue offers the possibility to choose different answers, building a unique story that provides over 100 hours of speaking practice. Students select their skill level, avatar, and start speaking to receive colour-coded feedback with [&hellip;]<\/p>","protected":false},"author":2,"featured_media":8676,"parent":0,"menu_order":0,"comment_status":"closed","ping_status":"closed","template":"","meta":{"_et_pb_use_builder":"on","_et_pb_old_content":"","_et_gb_content_width":"","content-type":"","om_disable_all_campaigns":false,"_monsterinsights_skip_tracking":false,"_monsterinsights_sitenote_active":false,"_monsterinsights_sitenote_note":"","_monsterinsights_sitenote_category":0,"_uf_show_specific_survey":0,"_uf_disable_surveys":false},"aioseo_notices":[],"yoast_head":"<!-- This site is optimized with the Yoast SEO plugin v20.6 - https:\/\/yoast.com\/wordpress\/plugins\/seo\/ -->\n<title>Speak2Me | Practice English Speaking Skills With Real-Life Conversations<\/title>\n<meta name=\"description\" content=\"ELL&#039;s learning management system offers effective and advanced tools to practice speaking skills with real-life conversations, boosting their confidence. Speak2Me is a built in feature in ELL&#039;s LMS.\" \/>\n<meta name=\"robots\" content=\"index, follow, max-snippet:-1, max-image-preview:large, max-video-preview:-1\" \/>\n<link rel=\"canonical\" href=\"https:\/\/www.elltechnologies.com\/es\/speak2me\/\" \/>\n<meta property=\"og:locale\" content=\"es_ES\" \/>\n<meta property=\"og:type\" content=\"article\" \/>\n<meta property=\"og:title\" content=\"Speak2Me | Practice English Speaking Skills With Real-Life Conversations\" \/>\n<meta property=\"og:description\" content=\"ELL&#039;s learning management system offers effective and advanced tools to practice speaking skills with real-life conversations, boosting their confidence. Speak2Me is a built in feature in ELL&#039;s LMS.\" \/>\n<meta property=\"og:url\" content=\"https:\/\/www.elltechnologies.com\/es\/speak2me\/\" \/>\n<meta property=\"og:site_name\" content=\"ELL Technologies\" \/>\n<meta property=\"article:publisher\" content=\"https:\/\/www.facebook.com\/ELLTechnologies\/\" \/>\n<meta property=\"article:modified_time\" content=\"2022-05-31T03:43:24+00:00\" \/>\n<meta property=\"og:image\" content=\"https:\/\/www.elltechnologies.com\/wp-content\/uploads\/2021\/01\/ELL-Thumbnail-compressed.png\" \/>\n\t<meta property=\"og:image:width\" content=\"1200\" \/>\n\t<meta property=\"og:image:height\" content=\"628\" \/>\n\t<meta property=\"og:image:type\" content=\"image\/png\" \/>\n<meta name=\"twitter:card\" content=\"summary_large_image\" \/>\n<meta name=\"twitter:site\" content=\"@ELLTechnologiez\" \/>\n<meta name=\"twitter:label1\" content=\"Tiempo estimado de lectura\" \/>\n\t<meta name=\"twitter:data1\" content=\"2 minutos\" \/>\n<script type=\"application\/ld+json\" class=\"yoast-schema-graph\">{\"@context\":\"https:\/\/schema.org\",\"@graph\":[{\"@type\":\"WebPage\",\"@id\":\"https:\/\/www.elltechnologies.com\/speak2me\/\",\"url\":\"https:\/\/www.elltechnologies.com\/speak2me\/\",\"name\":\"Speak2Me | Practice English Speaking Skills With Real-Life Conversations\",\"isPartOf\":{\"@id\":\"https:\/\/www.elltechnologies.com\/#website\"},\"datePublished\":\"2020-12-29T18:09:25+00:00\",\"dateModified\":\"2022-05-31T03:43:24+00:00\",\"description\":\"ELL's learning management system offers effective and advanced tools to practice speaking skills with real-life conversations, boosting their confidence. Speak2Me is a built in feature in ELL's LMS.\",\"breadcrumb\":{\"@id\":\"https:\/\/www.elltechnologies.com\/speak2me\/#breadcrumb\"},\"inLanguage\":\"es-CO\",\"potentialAction\":[{\"@type\":\"ReadAction\",\"target\":[\"https:\/\/www.elltechnologies.com\/speak2me\/\"]}]},{\"@type\":\"BreadcrumbList\",\"@id\":\"https:\/\/www.elltechnologies.com\/speak2me\/#breadcrumb\",\"itemListElement\":[{\"@type\":\"ListItem\",\"position\":1,\"name\":\"Home\",\"item\":\"https:\/\/www.elltechnologies.com\/\"},{\"@type\":\"ListItem\",\"position\":2,\"name\":\"Speak2Me\"}]},{\"@type\":\"WebSite\",\"@id\":\"https:\/\/www.elltechnologies.com\/#website\",\"url\":\"https:\/\/www.elltechnologies.com\/\",\"name\":\"ELL Technologies\",\"description\":\"Everybody Loves Languages\",\"publisher\":{\"@id\":\"https:\/\/www.elltechnologies.com\/#organization\"},\"potentialAction\":[{\"@type\":\"SearchAction\",\"target\":{\"@type\":\"EntryPoint\",\"urlTemplate\":\"https:\/\/www.elltechnologies.com\/?s={search_term_string}\"},\"query-input\":\"required name=search_term_string\"}],\"inLanguage\":\"es-CO\"},{\"@type\":\"Organization\",\"@id\":\"https:\/\/www.elltechnologies.com\/#organization\",\"name\":\"ELL Technologies | Your All-in-One Language Learning Software\",\"url\":\"https:\/\/www.elltechnologies.com\/\",\"logo\":{\"@type\":\"ImageObject\",\"inLanguage\":\"es-CO\",\"@id\":\"https:\/\/www.elltechnologies.com\/#\/schema\/logo\/image\/\",\"url\":\"https:\/\/www.elltechnologies.com\/wp-content\/uploads\/2021\/01\/ELL-logo-icon-onlu.png\",\"contentUrl\":\"https:\/\/www.elltechnologies.com\/wp-content\/uploads\/2021\/01\/ELL-logo-icon-onlu.png\",\"width\":1281,\"height\":1187,\"caption\":\"ELL Technologies | Your All-in-One Language Learning Software\"},\"image\":{\"@id\":\"https:\/\/www.elltechnologies.com\/#\/schema\/logo\/image\/\"},\"sameAs\":[\"https:\/\/www.facebook.com\/ELLTechnologies\/\",\"https:\/\/twitter.com\/ELLTechnologiez\",\"https:\/\/www.instagram.com\/ell_technologies\/\",\"https:\/\/www.linkedin.com\/company\/elltechnologies\/\",\"https:\/\/www.youtube.com\/channel\/UCT4UD74S1ymp2f87wozE4CA\"]}]}<\/script>\n<!-- \/ Yoast SEO plugin. -->","yoast_head_json":{"title":"Speak2Me | Practice English Speaking Skills With Real-Life Conversations","description":"ELL's learning management system offers effective and advanced tools to practice speaking skills with real-life conversations, boosting their confidence. Speak2Me is a built in feature in ELL's LMS.","robots":{"index":"index","follow":"follow","max-snippet":"max-snippet:-1","max-image-preview":"max-image-preview:large","max-video-preview":"max-video-preview:-1"},"canonical":"https:\/\/www.elltechnologies.com\/es\/speak2me\/","og_locale":"es_ES","og_type":"article","og_title":"Speak2Me | Practice English Speaking Skills With Real-Life Conversations","og_description":"ELL's learning management system offers effective and advanced tools to practice speaking skills with real-life conversations, boosting their confidence. Speak2Me is a built in feature in ELL's LMS.","og_url":"https:\/\/www.elltechnologies.com\/es\/speak2me\/","og_site_name":"ELL Technologies","article_publisher":"https:\/\/www.facebook.com\/ELLTechnologies\/","article_modified_time":"2022-05-31T03:43:24+00:00","og_image":[{"width":1200,"height":628,"url":"https:\/\/www.elltechnologies.com\/wp-content\/uploads\/2021\/01\/ELL-Thumbnail-compressed.png","type":"image\/png"}],"twitter_card":"summary_large_image","twitter_site":"@ELLTechnologiez","twitter_misc":{"Tiempo estimado de lectura":"2 minutos"},"schema":{"@context":"https:\/\/schema.org","@graph":[{"@type":"WebPage","@id":"https:\/\/www.elltechnologies.com\/speak2me\/","url":"https:\/\/www.elltechnologies.com\/speak2me\/","name":"Speak2Me | Practice English Speaking Skills With Real-Life Conversations","isPartOf":{"@id":"https:\/\/www.elltechnologies.com\/#website"},"datePublished":"2020-12-29T18:09:25+00:00","dateModified":"2022-05-31T03:43:24+00:00","description":"ELL's learning management system offers effective and advanced tools to practice speaking skills with real-life conversations, boosting their confidence. Speak2Me is a built in feature in ELL's LMS.","breadcrumb":{"@id":"https:\/\/www.elltechnologies.com\/speak2me\/#breadcrumb"},"inLanguage":"es-CO","potentialAction":[{"@type":"ReadAction","target":["https:\/\/www.elltechnologies.com\/speak2me\/"]}]},{"@type":"BreadcrumbList","@id":"https:\/\/www.elltechnologies.com\/speak2me\/#breadcrumb","itemListElement":[{"@type":"ListItem","position":1,"name":"Home","item":"https:\/\/www.elltechnologies.com\/"},{"@type":"ListItem","position":2,"name":"Speak2Me"}]},{"@type":"WebSite","@id":"https:\/\/www.elltechnologies.com\/#website","url":"https:\/\/www.elltechnologies.com\/","name":"ELL Technologies","description":"Everybody Loves Languages","publisher":{"@id":"https:\/\/www.elltechnologies.com\/#organization"},"potentialAction":[{"@type":"SearchAction","target":{"@type":"EntryPoint","urlTemplate":"https:\/\/www.elltechnologies.com\/?s={search_term_string}"},"query-input":"required name=search_term_string"}],"inLanguage":"es-CO"},{"@type":"Organization","@id":"https:\/\/www.elltechnologies.com\/#organization","name":"ELL Technologies | Your All-in-One Language Learning Software","url":"https:\/\/www.elltechnologies.com\/","logo":{"@type":"ImageObject","inLanguage":"es-CO","@id":"https:\/\/www.elltechnologies.com\/#\/schema\/logo\/image\/","url":"https:\/\/www.elltechnologies.com\/wp-content\/uploads\/2021\/01\/ELL-logo-icon-onlu.png","contentUrl":"https:\/\/www.elltechnologies.com\/wp-content\/uploads\/2021\/01\/ELL-logo-icon-onlu.png","width":1281,"height":1187,"caption":"ELL Technologies | Your All-in-One Language Learning Software"},"image":{"@id":"https:\/\/www.elltechnologies.com\/#\/schema\/logo\/image\/"},"sameAs":["https:\/\/www.facebook.com\/ELLTechnologies\/","https:\/\/twitter.com\/ELLTechnologiez","https:\/\/www.instagram.com\/ell_technologies\/","https:\/\/www.linkedin.com\/company\/elltechnologies\/","https:\/\/www.youtube.com\/channel\/UCT4UD74S1ymp2f87wozE4CA"]}]}},"_links":{"self":[{"href":"https:\/\/www.elltechnologies.com\/es\/wp-json\/wp\/v2\/pages\/6608"}],"collection":[{"href":"https:\/\/www.elltechnologies.com\/es\/wp-json\/wp\/v2\/pages"}],"about":[{"href":"https:\/\/www.elltechnologies.com\/es\/wp-json\/wp\/v2\/types\/page"}],"author":[{"embeddable":true,"href":"https:\/\/www.elltechnologies.com\/es\/wp-json\/wp\/v2\/users\/2"}],"replies":[{"embeddable":true,"href":"https:\/\/www.elltechnologies.com\/es\/wp-json\/wp\/v2\/comments?post=6608"}],"version-history":[{"count":2,"href":"https:\/\/www.elltechnologies.com\/es\/wp-json\/wp\/v2\/pages\/6608\/revisions"}],"predecessor-version":[{"id":10658,"href":"https:\/\/www.elltechnologies.com\/es\/wp-json\/wp\/v2\/pages\/6608\/revisions\/10658"}],"wp:featuredmedia":[{"embeddable":true,"href":"https:\/\/www.elltechnologies.com\/es\/wp-json\/wp\/v2\/media\/8676"}],"wp:attachment":[{"href":"https:\/\/www.elltechnologies.com\/es\/wp-json\/wp\/v2\/media?parent=6608"}],"curies":[{"name":"wp","href":"https:\/\/api.w.org\/{rel}","templated":true}]}}