{"id":6624,"date":"2020-12-29T18:15:33","date_gmt":"2020-12-29T18:15:33","guid":{"rendered":"http:\/\/54.91.197.45\/?page_id=6624"},"modified":"2024-06-25T09:53:11","modified_gmt":"2024-06-25T14:53:11","slug":"resources","status":"publish","type":"page","link":"https:\/\/www.elltechnologies.com\/es\/resources\/","title":{"rendered":"Recursos"},"content":{"rendered":"<p>[et_pb_section fb_built=&#8221;1&#8243; custom_padding_last_edited=&#8221;on|desktop&#8221; next_background_color=&#8221;#ffffff&#8221; admin_label=&#8221;Header&#8221; _builder_version=&#8221;4.16&#8243; use_background_color_gradient=&#8221;on&#8221; background_color_gradient_direction=&#8221;166deg&#8221; background_color_gradient_stops=&#8221;#4c32d3 0%|#40bbf7 100%&#8221; background_color_gradient_start=&#8221;#4c32d3&#8243; background_color_gradient_end=&#8221;#40bbf7&#8243; background_enable_image=&#8221;off&#8221; parallax=&#8221;on&#8221; custom_padding=&#8221;2vw||3vw||false|false&#8221; custom_padding_tablet=&#8221;100px||100px||true&#8221; custom_padding_phone=&#8221;||||true&#8221; bottom_divider_style=&#8221;ramp2&#8243; bottom_divider_height_tablet=&#8221;150px&#8221; bottom_divider_height_phone=&#8221;110px&#8221; bottom_divider_height_last_edited=&#8221;on|phone&#8221; da_disable_devices=&#8221;off|off|off&#8221; saved_tabs=&#8221;all&#8221; global_colors_info=&#8221;{}&#8221; da_is_popup=&#8221;off&#8221; da_exit_intent=&#8221;off&#8221; da_has_close=&#8221;on&#8221; da_alt_close=&#8221;off&#8221; da_dark_close=&#8221;off&#8221; da_not_modal=&#8221;on&#8221; da_is_singular=&#8221;off&#8221; da_with_loader=&#8221;off&#8221; da_has_shadow=&#8221;on&#8221;][et_pb_row _builder_version=&#8221;4.16&#8243; global_colors_info=&#8221;{}&#8221;][et_pb_column type=&#8221;4_4&#8243; _builder_version=&#8221;4.16&#8243; custom_padding=&#8221;|||&#8221; global_colors_info=&#8221;{}&#8221; custom_padding__hover=&#8221;|||&#8221;][et_pb_text _builder_version=&#8221;4.17.4&#8243; text_font=&#8221;Roboto||||||||&#8221; text_line_height=&#8221;1.8em&#8221; header_font=&#8221;|700|||||||&#8221; header_text_align=&#8221;center&#8221; header_font_size=&#8221;60px&#8221; header_line_height=&#8221;1.2em&#8221; header_3_font=&#8221;Roboto|700||on|||||&#8221; header_3_text_align=&#8221;center&#8221; header_3_text_color=&#8221;#ffffff&#8221; header_3_font_size=&#8221;24px&#8221; header_3_letter_spacing=&#8221;10px&#8221; header_3_line_height=&#8221;2em&#8221; text_orientation=&#8221;center&#8221; background_layout=&#8221;dark&#8221; module_alignment=&#8221;center&#8221; text_font_size_last_edited=&#8221;off|desktop&#8221; header_font_size_tablet=&#8221;40px&#8221; header_font_size_phone=&#8221;32px&#8221; header_font_size_last_edited=&#8221;on|phone&#8221; header_3_font_size_tablet=&#8221;16px&#8221; header_3_font_size_phone=&#8221;14px&#8221; header_3_font_size_last_edited=&#8221;on|phone&#8221; header_3_letter_spacing_tablet=&#8221;5px&#8221; header_3_letter_spacing_phone=&#8221;&#8221; header_3_letter_spacing_last_edited=&#8221;on|tablet&#8221; global_colors_info=&#8221;{}&#8221;]<\/p>\n<h1 style=\"text-align: center;\"><span>Recursos para docentes de idiomas<\/span><\/h1>\n<p>[\/et_pb_text][\/et_pb_column][\/et_pb_row][\/et_pb_section][et_pb_section fb_built=&#8221;1&#8243; admin_label=&#8221;Feature&#8221; _builder_version=&#8221;4.16&#8243; background_enable_color=&#8221;off&#8221; custom_padding=&#8221;||13px|||&#8221; da_disable_devices=&#8221;off|off|off&#8221; locked=&#8221;off&#8221; global_colors_info=&#8221;{}&#8221; da_is_popup=&#8221;off&#8221; da_exit_intent=&#8221;off&#8221; da_has_close=&#8221;on&#8221; da_alt_close=&#8221;off&#8221; da_dark_close=&#8221;off&#8221; da_not_modal=&#8221;on&#8221; da_is_singular=&#8221;off&#8221; da_with_loader=&#8221;off&#8221; da_has_shadow=&#8221;on&#8221;][et_pb_row column_structure=&#8221;1_2,1_2&#8243; _builder_version=&#8221;4.16&#8243; custom_padding=&#8221;||0px|||&#8221; global_colors_info=&#8221;{}&#8221;][et_pb_column type=&#8221;1_2&#8243; _builder_version=&#8221;4.16&#8243; custom_padding=&#8221;80px||||false|false&#8221; custom_padding_tablet=&#8221;0px||||false|false&#8221; custom_padding_phone=&#8221;&#8221; custom_padding_last_edited=&#8221;on|tablet&#8221; global_colors_info=&#8221;{}&#8221;][et_pb_text _builder_version=&#8221;4.16&#8243; text_font=&#8221;Montserrat||||||||&#8221; text_line_height=&#8221;2.2em&#8221; header_2_font=&#8221;Montserrat||||||||&#8221; header_2_text_color=&#8221;#4C32D3&#8243; header_2_font_size=&#8221;44px&#8221; header_2_line_height=&#8221;1.2em&#8221; text_font_size_tablet=&#8221;&#8221; text_font_size_phone=&#8221;14px&#8221; text_font_size_last_edited=&#8221;on|phone&#8221; header_2_font_size_tablet=&#8221;42px&#8221; header_2_font_size_phone=&#8221;32px&#8221; header_2_font_size_last_edited=&#8221;on|tablet&#8221; locked=&#8221;off&#8221; global_colors_info=&#8221;{}&#8221; header_2_2_font_size_tablet=&#8221;42px&#8221; header_3_2_font_size_tablet=&#8221;42px&#8221; header_4_2_font_size_tablet=&#8221;42px&#8221; header_5_2_font_size_tablet=&#8221;42px&#8221; header_6_2_font_size_tablet=&#8221;42px&#8221; header_2_2_font_size_phone=&#8221;32px&#8221; header_3_2_font_size_phone=&#8221;32px&#8221; header_4_2_font_size_phone=&#8221;32px&#8221; header_5_2_font_size_phone=&#8221;32px&#8221; header_6_2_font_size_phone=&#8221;32px&#8221; header_2_2_font_size_last_edited=&#8221;on|tablet&#8221; header_3_2_font_size_last_edited=&#8221;on|tablet&#8221; header_4_2_font_size_last_edited=&#8221;on|tablet&#8221; header_5_2_font_size_last_edited=&#8221;on|tablet&#8221; header_6_2_font_size_last_edited=&#8221;on|tablet&#8221;]<\/p>\n<h2>\u00danete a nuestros webinars mensuales<\/h2>\n<p>Un mundo de educaci\u00f3n a su alcance desde cualquier parte del mundo donde usted se encuentre. Nuestra serie de seminarios web es presentada por educadores de renombre internacional que tratan temas relevantes para los profesores de idiomas e incluyen un certificado de participaci\u00f3n.<\/p>\n<p>[\/et_pb_text][et_pb_image src=&#8221;https:\/\/www.elltechnologies.com\/wp-content\/uploads\/2021\/08\/dietitian-57.png&#8221; title_text=&#8221;dietitian-57&#8243; align=&#8221;center&#8221; _builder_version=&#8221;4.16&#8243; global_colors_info=&#8221;{}&#8221;][\/et_pb_image][et_pb_button button_url=&#8221;@ET-DC@eyJkeW5hbWljIjp0cnVlLCJjb250ZW50IjoicG9zdF9saW5rX3VybF9wYWdlIiwic2V0dGluZ3MiOnsicG9zdF9pZCI6IjY2MjgifX0=@&#8221; button_text=&#8221;Register Now&#8221; button_alignment=&#8221;right&#8221; _builder_version=&#8221;4.16&#8243; _dynamic_attributes=&#8221;button_url&#8221; custom_button=&#8221;on&#8221; button_text_size=&#8221;14px&#8221; button_text_color=&#8221;#ffffff&#8221; button_bg_color=&#8221;#E542D6&#8243; button_border_width=&#8221;0px&#8221; button_border_radius=&#8221;13px&#8221; button_letter_spacing=&#8221;1.5px&#8221; button_font=&#8221;Montserrat|700||on|||||&#8221; custom_padding=&#8221;24px|32px|24px|32px|true|true&#8221; locked=&#8221;off&#8221; global_colors_info=&#8221;{}&#8221;][\/et_pb_button][\/et_pb_column][et_pb_column type=&#8221;1_2&#8243; _builder_version=&#8221;4.16&#8243; global_colors_info=&#8221;{}&#8221;][et_pb_image src=&#8221;https:\/\/www.elltechnologies.com\/wp-content\/uploads\/2021\/07\/tutor-02.jpg&#8221; title_text=&#8221;tutor-02&#8243; _builder_version=&#8221;4.16&#8243; width=&#8221;80%&#8221; module_alignment=&#8221;right&#8221; custom_margin=&#8221;||||false|false&#8221; global_colors_info=&#8221;{}&#8221;][\/et_pb_image][et_pb_image src=&#8221;https:\/\/www.elltechnologies.com\/wp-content\/uploads\/2021\/07\/agency-09-2.jpg&#8221; title_text=&#8221;agency-09-2&#8243; _builder_version=&#8221;4.16&#8243; max_width=&#8221;48%&#8221; module_alignment=&#8221;left&#8221; custom_margin=&#8221;-30%||||false|false&#8221; scroll_vertical_motion_enable=&#8221;on&#8221; scroll_vertical_motion=&#8221;0|50|50|100|1|0|-1&#8243; global_colors_info=&#8221;{}&#8221;][\/et_pb_image][et_pb_image src=&#8221;https:\/\/www.elltechnologies.com\/wp-content\/uploads\/2021\/08\/dietitian-58.png&#8221; title_text=&#8221;dietitian-58&#8243; _builder_version=&#8221;4.16&#8243; positioning=&#8221;absolute&#8221; position_origin_a=&#8221;bottom_left&#8221; vertical_offset=&#8221;20%&#8221; horizontal_offset=&#8221;40%&#8221; width=&#8221;64%&#8221; scroll_rotating_enable=&#8221;on&#8221; scroll_rotating=&#8221;0|50|50|100|-10\u00b0|0|10\u00b0&#8221; locked=&#8221;off&#8221; global_colors_info=&#8221;{}&#8221;][\/et_pb_image][\/et_pb_column][\/et_pb_row][\/et_pb_section][et_pb_section fb_built=&#8221;1&#8243; admin_label=&#8221;Blog&#8221; _builder_version=&#8221;4.16&#8243; background_enable_color=&#8221;off&#8221; custom_padding=&#8221;37px|||||&#8221; da_disable_devices=&#8221;off|off|off&#8221; global_colors_info=&#8221;{}&#8221; da_is_popup=&#8221;off&#8221; da_exit_intent=&#8221;off&#8221; da_has_close=&#8221;on&#8221; da_alt_close=&#8221;off&#8221; da_dark_close=&#8221;off&#8221; da_not_modal=&#8221;on&#8221; da_is_singular=&#8221;off&#8221; da_with_loader=&#8221;off&#8221; da_has_shadow=&#8221;on&#8221;][et_pb_row use_custom_gutter=&#8221;on&#8221; _builder_version=&#8221;4.16&#8243; global_colors_info=&#8221;{}&#8221;][et_pb_column type=&#8221;4_4&#8243; _builder_version=&#8221;4.16&#8243; background_enable_color=&#8221;off&#8221; global_colors_info=&#8221;{}&#8221;][et_pb_text _builder_version=&#8221;4.16&#8243; text_line_height=&#8221;2em&#8221; header_2_font=&#8221;Montserrat||||||||&#8221; header_2_text_color=&#8221;#4C32D3&#8243; header_2_font_size=&#8221;44px&#8221; header_2_line_height=&#8221;1.2em&#8221; text_orientation=&#8221;center&#8221; text_font_size_tablet=&#8221;&#8221; text_font_size_phone=&#8221;14px&#8221; text_font_size_last_edited=&#8221;on|phone&#8221; header_2_font_size_tablet=&#8221;42px&#8221; header_2_font_size_phone=&#8221;32px&#8221; header_2_font_size_last_edited=&#8221;on|phone&#8221; locked=&#8221;off&#8221; global_colors_info=&#8221;{}&#8221;]<\/p>\n<h2>ELL&#8217;s Blog<\/h2>\n<p>[\/et_pb_text][et_pb_text _builder_version=&#8221;4.16&#8243; _module_preset=&#8221;default&#8221; text_font=&#8221;Montserrat||||||||&#8221; text_line_height=&#8221;1.8em&#8221; text_orientation=&#8221;center&#8221; custom_margin=&#8221;||50px|||&#8221; global_colors_info=&#8221;{}&#8221;]<\/p>\n<p>Desde la tecnolog\u00eda hasta el aprendizaje de idiomas y muchos otros aspectos. Visita y lee nuestro blog para saber m\u00e1s sobre temas relacionados con las \u00faltimas tendencias en educaci\u00f3n y tecnolog\u00eda, aprendizaje de idiomas, metodolog\u00eda de ense\u00f1anza y mucho m\u00e1s.<\/p>\n<p>[\/et_pb_text][et_pb_blog fullwidth=&#8221;off&#8221; posts_number=&#8221;3&#8243; include_categories=&#8221;current,95,98,94,93,99,1,96,92&#8243; excerpt_length=&#8221;350&#8243; show_author=&#8221;off&#8221; show_date=&#8221;off&#8221; show_pagination=&#8221;off&#8221; masonry_tile_background_color=&#8221;rgba(0,0,0,0)&#8221; _builder_version=&#8221;4.16&#8243; header_level=&#8221;h3&#8243; header_font=&#8221;Montserrat||||||||&#8221; header_font_size=&#8221;18px&#8221; header_line_height=&#8221;1.2em&#8221; body_font=&#8221;Montserrat||||||||&#8221; body_font_size=&#8221;14px&#8221; body_line_height=&#8221;1.8em&#8221; meta_font=&#8221;Montserrat||||||||&#8221; meta_text_color=&#8221;#E542D6&#8243; meta_font_size=&#8221;14px&#8221; meta_line_height=&#8221;1.6em&#8221; pagination_font=&#8221;DM Serif Display|600|||||||&#8221; pagination_text_color=&#8221;#000000&#8243; pagination_font_size=&#8221;20px&#8221; pagination_line_height=&#8221;1.8em&#8221; header_font_size_tablet=&#8221;20px&#8221; header_font_size_phone=&#8221;20px&#8221; header_font_size_last_edited=&#8221;on|phone&#8221; body_font_size_phone=&#8221;14px&#8221; body_font_size_last_edited=&#8221;off|desktop&#8221; body_line_height_phone=&#8221;1.6em&#8221; body_line_height_last_edited=&#8221;off|desktop&#8221; meta_font_size_phone=&#8221;14px&#8221; meta_font_size_last_edited=&#8221;off|desktop&#8221; pagination_font_size_tablet=&#8221;20px&#8221; pagination_font_size_phone=&#8221;16px&#8221; pagination_font_size_last_edited=&#8221;on|phone&#8221; border_width_all=&#8221;0px&#8221; border_radii_image=&#8221;on|20px|20px|20px|20px&#8221; locked=&#8221;off&#8221; global_colors_info=&#8221;{}&#8221;][\/et_pb_blog][et_pb_button button_url=&#8221;@ET-DC@eyJkeW5hbWljIjp0cnVlLCJjb250ZW50IjoicG9zdF9saW5rX3VybF9wYWdlIiwic2V0dGluZ3MiOnsicG9zdF9pZCI6IjY2MjYifX0=@&#8221; button_text=&#8221;Read More&#8221; button_alignment=&#8221;center&#8221; _builder_version=&#8221;4.16&#8243; _dynamic_attributes=&#8221;button_url&#8221; custom_button=&#8221;on&#8221; button_text_size=&#8221;14px&#8221; button_text_color=&#8221;#ffffff&#8221; button_bg_color=&#8221;#E542D6&#8243; button_border_width=&#8221;0px&#8221; button_border_radius=&#8221;13px&#8221; button_letter_spacing=&#8221;1.5px&#8221; button_font=&#8221;Montserrat|700||on|||||&#8221; custom_padding=&#8221;15px|20px|15px|20px|true|true&#8221; locked=&#8221;off&#8221; global_colors_info=&#8221;{}&#8221;][\/et_pb_button][\/et_pb_column][\/et_pb_row][\/et_pb_section]<\/p>","protected":false},"excerpt":{"rendered":"<p>Resources for Language TeachersJoin our Monthly Webinars A world of education coming to you wherever you are in the world. Our webinar series is presented by internationally renowned educators that discuss topics relevant to language teachers and include a participation certificate.ELL&#8217;s BlogFrom technology to language learning and everything in between. Read our blog to learn [&hellip;]<\/p>","protected":false},"author":2,"featured_media":8676,"parent":0,"menu_order":0,"comment_status":"closed","ping_status":"closed","template":"","meta":{"_et_pb_use_builder":"on","_et_pb_old_content":"","_et_gb_content_width":"","content-type":"","om_disable_all_campaigns":false,"_monsterinsights_skip_tracking":false,"_monsterinsights_sitenote_active":false,"_monsterinsights_sitenote_note":"","_monsterinsights_sitenote_category":0,"_uf_show_specific_survey":0,"_uf_disable_surveys":false},"aioseo_notices":[],"yoast_head":"<!-- This site is optimized with the Yoast SEO plugin v20.6 - https:\/\/yoast.com\/wordpress\/plugins\/seo\/ -->\n<title>Practical Resources for Language Educators | Events | Webinars<\/title>\n<meta name=\"description\" content=\"Engage with our webinars and podcast for practical knowledge of language learning courses, presented by globally-known educators.\" \/>\n<meta name=\"robots\" content=\"index, follow, max-snippet:-1, max-image-preview:large, max-video-preview:-1\" \/>\n<link rel=\"canonical\" href=\"https:\/\/www.elltechnologies.com\/es\/resources\/\" \/>\n<meta property=\"og:locale\" content=\"es_ES\" \/>\n<meta property=\"og:type\" content=\"article\" \/>\n<meta property=\"og:title\" content=\"Practical Resources for Language Educators | Events | Webinars\" \/>\n<meta property=\"og:description\" content=\"Engage with our webinars and podcast for practical knowledge of language learning courses, presented by globally-known educators.\" \/>\n<meta property=\"og:url\" content=\"https:\/\/www.elltechnologies.com\/es\/resources\/\" \/>\n<meta property=\"og:site_name\" content=\"ELL Technologies\" \/>\n<meta property=\"article:publisher\" content=\"https:\/\/www.facebook.com\/ELLTechnologies\/\" \/>\n<meta property=\"article:modified_time\" content=\"2024-06-25T14:53:11+00:00\" \/>\n<meta property=\"og:image\" content=\"https:\/\/www.elltechnologies.com\/wp-content\/uploads\/2021\/01\/ELL-Thumbnail-compressed.png\" \/>\n\t<meta property=\"og:image:width\" content=\"1200\" \/>\n\t<meta property=\"og:image:height\" content=\"628\" \/>\n\t<meta property=\"og:image:type\" content=\"image\/png\" \/>\n<meta name=\"twitter:card\" content=\"summary_large_image\" \/>\n<meta name=\"twitter:site\" content=\"@ELLTechnologiez\" \/>\n<meta name=\"twitter:label1\" content=\"Tiempo estimado de lectura\" \/>\n\t<meta name=\"twitter:data1\" content=\"2 minutos\" \/>\n<script type=\"application\/ld+json\" class=\"yoast-schema-graph\">{\"@context\":\"https:\/\/schema.org\",\"@graph\":[{\"@type\":\"WebPage\",\"@id\":\"https:\/\/www.elltechnologies.com\/resources\/\",\"url\":\"https:\/\/www.elltechnologies.com\/resources\/\",\"name\":\"Practical Resources for Language Educators | Events | Webinars\",\"isPartOf\":{\"@id\":\"https:\/\/www.elltechnologies.com\/#website\"},\"datePublished\":\"2020-12-29T18:15:33+00:00\",\"dateModified\":\"2024-06-25T14:53:11+00:00\",\"description\":\"Engage with our webinars and podcast for practical knowledge of language learning courses, presented by globally-known educators.\",\"breadcrumb\":{\"@id\":\"https:\/\/www.elltechnologies.com\/resources\/#breadcrumb\"},\"inLanguage\":\"es-CO\",\"potentialAction\":[{\"@type\":\"ReadAction\",\"target\":[\"https:\/\/www.elltechnologies.com\/resources\/\"]}]},{\"@type\":\"BreadcrumbList\",\"@id\":\"https:\/\/www.elltechnologies.com\/resources\/#breadcrumb\",\"itemListElement\":[{\"@type\":\"ListItem\",\"position\":1,\"name\":\"Home\",\"item\":\"https:\/\/www.elltechnologies.com\/\"},{\"@type\":\"ListItem\",\"position\":2,\"name\":\"Resources\"}]},{\"@type\":\"WebSite\",\"@id\":\"https:\/\/www.elltechnologies.com\/#website\",\"url\":\"https:\/\/www.elltechnologies.com\/\",\"name\":\"ELL Technologies\",\"description\":\"Everybody Loves Languages\",\"publisher\":{\"@id\":\"https:\/\/www.elltechnologies.com\/#organization\"},\"potentialAction\":[{\"@type\":\"SearchAction\",\"target\":{\"@type\":\"EntryPoint\",\"urlTemplate\":\"https:\/\/www.elltechnologies.com\/?s={search_term_string}\"},\"query-input\":\"required name=search_term_string\"}],\"inLanguage\":\"es-CO\"},{\"@type\":\"Organization\",\"@id\":\"https:\/\/www.elltechnologies.com\/#organization\",\"name\":\"ELL Technologies | Your All-in-One Language Learning Software\",\"url\":\"https:\/\/www.elltechnologies.com\/\",\"logo\":{\"@type\":\"ImageObject\",\"inLanguage\":\"es-CO\",\"@id\":\"https:\/\/www.elltechnologies.com\/#\/schema\/logo\/image\/\",\"url\":\"https:\/\/www.elltechnologies.com\/wp-content\/uploads\/2021\/01\/ELL-logo-icon-onlu.png\",\"contentUrl\":\"https:\/\/www.elltechnologies.com\/wp-content\/uploads\/2021\/01\/ELL-logo-icon-onlu.png\",\"width\":1281,\"height\":1187,\"caption\":\"ELL Technologies | Your All-in-One Language Learning Software\"},\"image\":{\"@id\":\"https:\/\/www.elltechnologies.com\/#\/schema\/logo\/image\/\"},\"sameAs\":[\"https:\/\/www.facebook.com\/ELLTechnologies\/\",\"https:\/\/twitter.com\/ELLTechnologiez\",\"https:\/\/www.instagram.com\/ell_technologies\/\",\"https:\/\/www.linkedin.com\/company\/elltechnologies\/\",\"https:\/\/www.youtube.com\/channel\/UCT4UD74S1ymp2f87wozE4CA\"]}]}<\/script>\n<!-- \/ Yoast SEO plugin. -->","yoast_head_json":{"title":"Practical Resources for Language Educators | Events | Webinars","description":"Engage with our webinars and podcast for practical knowledge of language learning courses, presented by globally-known educators.","robots":{"index":"index","follow":"follow","max-snippet":"max-snippet:-1","max-image-preview":"max-image-preview:large","max-video-preview":"max-video-preview:-1"},"canonical":"https:\/\/www.elltechnologies.com\/es\/resources\/","og_locale":"es_ES","og_type":"article","og_title":"Practical Resources for Language Educators | Events | Webinars","og_description":"Engage with our webinars and podcast for practical knowledge of language learning courses, presented by globally-known educators.","og_url":"https:\/\/www.elltechnologies.com\/es\/resources\/","og_site_name":"ELL Technologies","article_publisher":"https:\/\/www.facebook.com\/ELLTechnologies\/","article_modified_time":"2024-06-25T14:53:11+00:00","og_image":[{"width":1200,"height":628,"url":"https:\/\/www.elltechnologies.com\/wp-content\/uploads\/2021\/01\/ELL-Thumbnail-compressed.png","type":"image\/png"}],"twitter_card":"summary_large_image","twitter_site":"@ELLTechnologiez","twitter_misc":{"Tiempo estimado de lectura":"2 minutos"},"schema":{"@context":"https:\/\/schema.org","@graph":[{"@type":"WebPage","@id":"https:\/\/www.elltechnologies.com\/resources\/","url":"https:\/\/www.elltechnologies.com\/resources\/","name":"Practical Resources for Language Educators | Events | Webinars","isPartOf":{"@id":"https:\/\/www.elltechnologies.com\/#website"},"datePublished":"2020-12-29T18:15:33+00:00","dateModified":"2024-06-25T14:53:11+00:00","description":"Engage with our webinars and podcast for practical knowledge of language learning courses, presented by globally-known educators.","breadcrumb":{"@id":"https:\/\/www.elltechnologies.com\/resources\/#breadcrumb"},"inLanguage":"es-CO","potentialAction":[{"@type":"ReadAction","target":["https:\/\/www.elltechnologies.com\/resources\/"]}]},{"@type":"BreadcrumbList","@id":"https:\/\/www.elltechnologies.com\/resources\/#breadcrumb","itemListElement":[{"@type":"ListItem","position":1,"name":"Home","item":"https:\/\/www.elltechnologies.com\/"},{"@type":"ListItem","position":2,"name":"Resources"}]},{"@type":"WebSite","@id":"https:\/\/www.elltechnologies.com\/#website","url":"https:\/\/www.elltechnologies.com\/","name":"ELL Technologies","description":"Everybody Loves Languages","publisher":{"@id":"https:\/\/www.elltechnologies.com\/#organization"},"potentialAction":[{"@type":"SearchAction","target":{"@type":"EntryPoint","urlTemplate":"https:\/\/www.elltechnologies.com\/?s={search_term_string}"},"query-input":"required name=search_term_string"}],"inLanguage":"es-CO"},{"@type":"Organization","@id":"https:\/\/www.elltechnologies.com\/#organization","name":"ELL Technologies | Your All-in-One Language Learning Software","url":"https:\/\/www.elltechnologies.com\/","logo":{"@type":"ImageObject","inLanguage":"es-CO","@id":"https:\/\/www.elltechnologies.com\/#\/schema\/logo\/image\/","url":"https:\/\/www.elltechnologies.com\/wp-content\/uploads\/2021\/01\/ELL-logo-icon-onlu.png","contentUrl":"https:\/\/www.elltechnologies.com\/wp-content\/uploads\/2021\/01\/ELL-logo-icon-onlu.png","width":1281,"height":1187,"caption":"ELL Technologies | Your All-in-One Language Learning Software"},"image":{"@id":"https:\/\/www.elltechnologies.com\/#\/schema\/logo\/image\/"},"sameAs":["https:\/\/www.facebook.com\/ELLTechnologies\/","https:\/\/twitter.com\/ELLTechnologiez","https:\/\/www.instagram.com\/ell_technologies\/","https:\/\/www.linkedin.com\/company\/elltechnologies\/","https:\/\/www.youtube.com\/channel\/UCT4UD74S1ymp2f87wozE4CA"]}]}},"_links":{"self":[{"href":"https:\/\/www.elltechnologies.com\/es\/wp-json\/wp\/v2\/pages\/6624"}],"collection":[{"href":"https:\/\/www.elltechnologies.com\/es\/wp-json\/wp\/v2\/pages"}],"about":[{"href":"https:\/\/www.elltechnologies.com\/es\/wp-json\/wp\/v2\/types\/page"}],"author":[{"embeddable":true,"href":"https:\/\/www.elltechnologies.com\/es\/wp-json\/wp\/v2\/users\/2"}],"replies":[{"embeddable":true,"href":"https:\/\/www.elltechnologies.com\/es\/wp-json\/wp\/v2\/comments?post=6624"}],"version-history":[{"count":5,"href":"https:\/\/www.elltechnologies.com\/es\/wp-json\/wp\/v2\/pages\/6624\/revisions"}],"predecessor-version":[{"id":13083,"href":"https:\/\/www.elltechnologies.com\/es\/wp-json\/wp\/v2\/pages\/6624\/revisions\/13083"}],"wp:featuredmedia":[{"embeddable":true,"href":"https:\/\/www.elltechnologies.com\/es\/wp-json\/wp\/v2\/media\/8676"}],"wp:attachment":[{"href":"https:\/\/www.elltechnologies.com\/es\/wp-json\/wp\/v2\/media?parent=6624"}],"curies":[{"name":"wp","href":"https:\/\/api.w.org\/{rel}","templated":true}]}}