{"id":8058,"date":"2021-01-12T20:02:16","date_gmt":"2021-01-13T01:02:16","guid":{"rendered":"http:\/\/54.91.197.45\/?page_id=8058"},"modified":"2022-05-30T22:45:23","modified_gmt":"2022-05-31T03:45:23","slug":"personalized-tutor-for-language-learning","status":"publish","type":"page","link":"https:\/\/www.elltechnologies.com\/es\/personalized-tutor-for-language-learning\/","title":{"rendered":"i-Tutor"},"content":{"rendered":"[et_pb_section fb_built=&#8221;1&#8243; custom_padding_last_edited=&#8221;on|desktop&#8221; next_background_color=&#8221;#ffffff&#8221; admin_label=&#8221;Header&#8221; _builder_version=&#8221;4.8.0&#8243; use_background_color_gradient=&#8221;on&#8221; background_color_gradient_start=&#8221;#4c32d3&#8243; background_color_gradient_end=&#8221;#40bbf7&#8243; background_color_gradient_direction=&#8221;130deg&#8221; background_enable_image=&#8221;off&#8221; parallax=&#8221;on&#8221; custom_padding=&#8221;3vw||6vw||false|false&#8221; custom_padding_tablet=&#8221;100px||100px||true&#8221; custom_padding_phone=&#8221;||||true&#8221; bottom_divider_style=&#8221;ramp2&#8243; bottom_divider_flip=&#8221;horizontal&#8221; bottom_divider_height_tablet=&#8221;150px&#8221; bottom_divider_height_phone=&#8221;110px&#8221; bottom_divider_height_last_edited=&#8221;on|phone&#8221; saved_tabs=&#8221;all&#8221; global_colors_info=&#8221;{}&#8221;][et_pb_row _builder_version=&#8221;3.25&#8243; global_colors_info=&#8221;{}&#8221;][et_pb_column type=&#8221;4_4&#8243; _builder_version=&#8221;3.25&#8243; custom_padding=&#8221;|||&#8221; global_colors_info=&#8221;{}&#8221; custom_padding__hover=&#8221;|||&#8221;][et_pb_text _builder_version=&#8221;4.7.7&#8243; text_font=&#8221;Roboto||||||||&#8221; text_line_height=&#8221;1.8em&#8221; header_font=&#8221;Roboto|900|||||||&#8221; header_text_align=&#8221;center&#8221; header_font_size=&#8221;80px&#8221; header_line_height=&#8221;1.8em&#8221; header_3_font=&#8221;Roboto|700||on|||||&#8221; header_3_text_align=&#8221;center&#8221; header_3_text_color=&#8221;#ffffff&#8221; header_3_font_size=&#8221;24px&#8221; header_3_letter_spacing=&#8221;10px&#8221; header_3_line_height=&#8221;2em&#8221; text_orientation=&#8221;center&#8221; background_layout=&#8221;dark&#8221; module_alignment=&#8221;center&#8221; text_font_size_last_edited=&#8221;off|desktop&#8221; header_font_size_tablet=&#8221;37px&#8221; header_font_size_phone=&#8221;30px&#8221; header_font_size_last_edited=&#8221;on|phone&#8221; header_3_font_size_tablet=&#8221;16px&#8221; header_3_font_size_phone=&#8221;14px&#8221; header_3_font_size_last_edited=&#8221;on|phone&#8221; header_3_letter_spacing_tablet=&#8221;5px&#8221; header_3_letter_spacing_phone=&#8221;&#8221; header_3_letter_spacing_last_edited=&#8221;on|tablet&#8221; global_colors_info=&#8221;{}&#8221;]<h1>Tutor Inteligente<\/h1>[\/et_pb_text][et_pb_text _builder_version=&#8221;4.8.0&#8243; text_font=&#8221;||||||||&#8221; text_font_size=&#8221;20px&#8221; text_line_height=&#8221;2em&#8221; ul_font=&#8221;||||||||&#8221; header_font=&#8221;|700|||||||&#8221; header_text_align=&#8221;center&#8221; header_font_size=&#8221;80px&#8221; header_line_height=&#8221;1.2em&#8221; header_2_font_size=&#8221;20px&#8221; header_2_line_height=&#8221;1.3em&#8221; header_3_font=&#8221;|||on|||||&#8221; header_3_text_align=&#8221;center&#8221; header_3_text_color=&#8221;#ffffff&#8221; header_3_font_size=&#8221;24px&#8221; header_3_letter_spacing=&#8221;10px&#8221; header_3_line_height=&#8221;2em&#8221; text_orientation=&#8221;center&#8221; background_layout=&#8221;dark&#8221; max_width=&#8221;800px&#8221; module_alignment=&#8221;center&#8221; text_font_size_last_edited=&#8221;off|desktop&#8221; header_font_size_tablet=&#8221;40px&#8221; header_font_size_phone=&#8221;32px&#8221; header_font_size_last_edited=&#8221;on|phone&#8221; header_3_font_size_tablet=&#8221;16px&#8221; header_3_font_size_phone=&#8221;14px&#8221; header_3_font_size_last_edited=&#8221;on|phone&#8221; header_3_letter_spacing_tablet=&#8221;5px&#8221; header_3_letter_spacing_phone=&#8221;&#8221; header_3_letter_spacing_last_edited=&#8221;on|tablet&#8221; global_colors_info=&#8221;{}&#8221;]<h2><span data-preserver-spaces=\"true\">Ofrezca una experiencia de aprendizaje de idiomas personalizada y adaptable a sus estudiantes.<\/span><\/h2>[\/et_pb_text][\/et_pb_column][\/et_pb_row][\/et_pb_section][et_pb_section fb_built=&#8221;1&#8243; next_background_color=&#8221;#F2F2FA&#8221; _builder_version=&#8221;3.22&#8243; custom_padding=&#8221;40px|0px|40px|0px|true|false&#8221; bottom_divider_style=&#8221;waves2&#8243; bottom_divider_height=&#8221;600px&#8221; bottom_divider_repeat=&#8221;0.6x&#8221; bottom_divider_height_tablet=&#8221;220px&#8221; bottom_divider_height_phone=&#8221;160px&#8221; bottom_divider_height_last_edited=&#8221;on|phone&#8221; locked=&#8221;off&#8221; global_colors_info=&#8221;{}&#8221;][et_pb_row _builder_version=&#8221;4.7.7&#8243; global_colors_info=&#8221;{}&#8221;][et_pb_column type=&#8221;4_4&#8243; _builder_version=&#8221;3.25&#8243; custom_padding=&#8221;|||&#8221; global_colors_info=&#8221;{}&#8221; custom_padding__hover=&#8221;|||&#8221;][et_pb_text _builder_version=&#8221;4.7.7&#8243; text_font=&#8221;||||||||&#8221; text_line_height=&#8221;2em&#8221; ul_font=&#8221;||||||||&#8221; header_font=&#8221;||||||||&#8221; header_2_font=&#8221;Roboto|700|||||||&#8221; header_2_font_size=&#8221;45px&#8221; header_2_line_height=&#8221;1.2em&#8221; header_3_font=&#8221;||||||||&#8221; width_last_edited=&#8221;off|desktop&#8221; custom_margin=&#8221;|||&#8221; custom_padding=&#8221;|||&#8221; header_2_font_size_tablet=&#8221;35px&#8221; header_2_font_size_phone=&#8221;28px&#8221; header_2_font_size_last_edited=&#8221;on|phone&#8221; global_colors_info=&#8221;{}&#8221;]<h2>\u00bfC\u00f3mo puede ofrecer un tutor a cada estudiante?<\/h2>\n<p><span>Algunos dir\u00edan que es imposible, pero no nosotros. Sabemos que tener un tutor humano para cada estudiante no es una soluci\u00f3n escalable. Lo has intentado, lo hemos intentado y todos hemos fracasado. Pero luego nuestro equipo de ingenier\u00eda ide\u00f3 la siguiente mejor cosa: un programa de inteligencia artificial y aprendizaje autom\u00e1tico, el i-Tutor. <\/span><\/p>\n<p><span>Nuestro sistema de tutor inteligente analiza los datos de aprendizaje de los estudiantes para ofrecer actividades complementarias y planes de lecciones. Cuanto m\u00e1s usan los estudiantes el iTutor, m\u00e1s aprende. El sistema se vuelve m\u00e1s robusto y puede predecir y evaluar el comportamiento de aprendizaje futuro.<\/span><\/p>[\/et_pb_text][\/et_pb_column][\/et_pb_row][\/et_pb_section][et_pb_section fb_built=&#8221;1&#8243; custom_padding_last_edited=&#8221;on|tablet&#8221; next_background_color=&#8221;#ffffff&#8221; admin_label=&#8221; Market Research&#8221; _builder_version=&#8221;4.7.7&#8243; background_color=&#8221;#F2F2FA&#8221; custom_margin_tablet=&#8221;&#8221; custom_margin_phone=&#8221;&#8221; custom_margin_last_edited=&#8221;on|phone&#8221; custom_padding=&#8221;40px||40px||true|false&#8221; custom_padding_tablet=&#8221;&#8221; custom_padding_phone=&#8221;0px|||&#8221; bottom_divider_style=&#8221;waves2&#8243; bottom_divider_height=&#8221;327px&#8221; saved_tabs=&#8221;all&#8221; global_colors_info=&#8221;{}&#8221;][et_pb_row _builder_version=&#8221;3.25&#8243; custom_padding=&#8221;|||&#8221; locked=&#8221;off&#8221; global_colors_info=&#8221;{}&#8221;][et_pb_column type=&#8221;4_4&#8243; _builder_version=&#8221;3.25&#8243; custom_padding=&#8221;|||&#8221; global_colors_info=&#8221;{}&#8221; custom_padding__hover=&#8221;|||&#8221;][et_pb_text _builder_version=&#8221;3.27.4&#8243; text_font=&#8221;||||||||&#8221; text_line_height=&#8221;2em&#8221; ul_font=&#8221;||||||||&#8221; header_font=&#8221;||||||||&#8221; header_2_font=&#8221;Roboto|700|||||||&#8221; header_2_font_size=&#8221;45px&#8221; header_2_line_height=&#8221;1.2em&#8221; header_3_font=&#8221;||||||||&#8221; text_orientation=&#8221;center&#8221; max_width=&#8221;800px&#8221; max_width_last_edited=&#8221;off|desktop&#8221; module_alignment=&#8221;center&#8221; custom_margin=&#8221;|||&#8221; custom_padding=&#8221;|||&#8221; header_2_font_size_tablet=&#8221;35px&#8221; header_2_font_size_phone=&#8221;28px&#8221; header_2_font_size_last_edited=&#8221;on|phone&#8221; global_colors_info=&#8221;{}&#8221;]<h2>C\u00f3mo funciona iTutor<\/h2>[\/et_pb_text][\/et_pb_column][\/et_pb_row][et_pb_row column_structure=&#8221;1_2,1_2&#8243; make_equal=&#8221;on&#8221; _builder_version=&#8221;4.10.6&#8243; hover_enabled=&#8221;0&#8243; global_colors_info=&#8221;{}&#8221; sticky_enabled=&#8221;0&#8243;][et_pb_column type=&#8221;1_2&#8243; _builder_version=&#8221;3.25&#8243; custom_padding=&#8221;|||&#8221; global_colors_info=&#8221;{}&#8221; custom_padding__hover=&#8221;|||&#8221;][et_pb_blurb title=&#8221;Personalized Exercices&#8221; use_icon=&#8221;on&#8221; font_icon=&#8221;%%75%%&#8221; icon_color=&#8221;#7a69e6&#8243; icon_placement=&#8221;left&#8221; content_max_width=&#8221;1100px&#8221; use_icon_font_size=&#8221;on&#8221; icon_font_size=&#8221;64px&#8221; icon_font_size_tablet=&#8221;&#8221; icon_font_size_phone=&#8221;32px&#8221; icon_font_size_last_edited=&#8221;on|phone&#8221; _builder_version=&#8221;4.10.6&#8243; header_level=&#8221;h3&#8243; header_font=&#8221;Roboto|700|||||||&#8221; header_line_height=&#8221;1.7em&#8221; body_font=&#8221;||||||||&#8221; body_line_height=&#8221;2em&#8221; background_color=&#8221;#ffffff&#8221; text_orientation=&#8221;center&#8221; module_alignment=&#8221;left&#8221; custom_margin=&#8221;||0px|&#8221; custom_padding=&#8221;30px|20px|40px|20px|false|true&#8221; custom_padding_last_edited=&#8221;off|desktop&#8221; animation=&#8221;off&#8221; hover_enabled=&#8221;0&#8243; header_font_size_tablet=&#8221;&#8221; header_font_size_phone=&#8221;18px&#8221; header_font_size_last_edited=&#8221;on|phone&#8221; body_font_size_tablet=&#8221;&#8221; body_font_size_phone=&#8221;14px&#8221; body_font_size_last_edited=&#8221;on|phone&#8221; border_radii=&#8221;|10px|10px||&#8221; border_width_all_image=&#8221;50px&#8221; box_shadow_style=&#8221;preset1&#8243; box_shadow_blur=&#8221;70px&#8221; box_shadow_color=&#8221;rgba(110,130,208,0.18)&#8221; global_colors_info=&#8221;{}&#8221; height=&#8221;100%&#8221; sticky_enabled=&#8221;0&#8243;]<p>Los planes de lecciones y ejercicios se recomiendan y adaptan autom\u00e1ticamente en funci\u00f3n de las necesidades y el progreso de los estudiantes.<\/p>[\/et_pb_blurb][\/et_pb_column][et_pb_column type=&#8221;1_2&#8243; _builder_version=&#8221;3.25&#8243; custom_padding=&#8221;|||&#8221; global_colors_info=&#8221;{}&#8221; custom_padding__hover=&#8221;|||&#8221;][et_pb_blurb title=&#8221;Ola App&#8221; use_icon=&#8221;on&#8221; font_icon=&#8221;%%104%%&#8221; icon_color=&#8221;#6a9ae8&#8243; icon_placement=&#8221;left&#8221; content_max_width=&#8221;1100px&#8221; use_icon_font_size=&#8221;on&#8221; icon_font_size=&#8221;64px&#8221; icon_font_size_tablet=&#8221;&#8221; icon_font_size_phone=&#8221;32px&#8221; icon_font_size_last_edited=&#8221;on|phone&#8221; _builder_version=&#8221;4.10.6&#8243; header_level=&#8221;h3&#8243; header_font=&#8221;Roboto|700|||||||&#8221; header_line_height=&#8221;1.7em&#8221; body_font=&#8221;||||||||&#8221; body_line_height=&#8221;2em&#8221; background_color=&#8221;#ffffff&#8221; text_orientation=&#8221;center&#8221; module_alignment=&#8221;left&#8221; custom_margin=&#8221;||0px|&#8221; custom_padding=&#8221;30px|20px|40px|20px|false|true&#8221; custom_padding_last_edited=&#8221;off|desktop&#8221; animation=&#8221;off&#8221; hover_enabled=&#8221;0&#8243; header_font_size_tablet=&#8221;&#8221; header_font_size_phone=&#8221;18px&#8221; header_font_size_last_edited=&#8221;on|phone&#8221; body_font_size_tablet=&#8221;&#8221; body_font_size_phone=&#8221;14px&#8221; body_font_size_last_edited=&#8221;on|phone&#8221; border_radii=&#8221;|10px|10px||&#8221; border_width_all_image=&#8221;50px&#8221; box_shadow_style=&#8221;preset1&#8243; box_shadow_blur=&#8221;70px&#8221; box_shadow_color=&#8221;rgba(110,130,208,0.18)&#8221; global_colors_info=&#8221;{}&#8221; height=&#8221;100%&#8221; sticky_enabled=&#8221;0&#8243;]<p><span>Los estudiantes pueden acceder a sus ejercicios sugeridos a trav\u00e9s de nuestra aplicaci\u00f3n m\u00f3vil Ola, disponible en dispositivos iOS y Android.<\/span><\/p>[\/et_pb_blurb][\/et_pb_column][\/et_pb_row][\/et_pb_section]","protected":false},"excerpt":{"rendered":"<p>Intelligent TutorDeliver a personalized and adaptive language learning experience to your students.How can you offer a tutor to every student? Some would say it\u2019s impossible, but not us. We know that having a human tutoring every student isn\u2019t a scalable solution. You\u2019ve tried, we tried, and we all failed. But then our engineering team devised [&hellip;]<\/p>","protected":false},"author":2,"featured_media":8676,"parent":0,"menu_order":0,"comment_status":"closed","ping_status":"closed","template":"","meta":{"_et_pb_use_builder":"on","_et_pb_old_content":"<!-- wp:divi\/placeholder \/-->","_et_gb_content_width":"","content-type":"","om_disable_all_campaigns":false,"_monsterinsights_skip_tracking":false,"_monsterinsights_sitenote_active":false,"_monsterinsights_sitenote_note":"","_monsterinsights_sitenote_category":0,"_uf_show_specific_survey":0,"_uf_disable_surveys":false},"aioseo_notices":[],"yoast_head":"<!-- This site is optimized with the Yoast SEO plugin v20.6 - https:\/\/yoast.com\/wordpress\/plugins\/seo\/ -->\n<title>Personalized Language Learning Experience for Each Student | Intelligent Tutor<\/title>\n<meta name=\"description\" content=\"ELL provides an intelligent tutor system (iTutor) that analyzes the students\u2019 activities and provide better assistance for language learning purposes.\" \/>\n<meta name=\"robots\" content=\"index, follow, max-snippet:-1, max-image-preview:large, max-video-preview:-1\" \/>\n<link rel=\"canonical\" href=\"https:\/\/www.elltechnologies.com\/es\/personalized-tutor-for-language-learning\/\" \/>\n<meta property=\"og:locale\" content=\"es_ES\" \/>\n<meta property=\"og:type\" content=\"article\" \/>\n<meta property=\"og:title\" content=\"Personalized Language Learning Experience for Each Student | Intelligent Tutor\" \/>\n<meta property=\"og:description\" content=\"ELL provides an intelligent tutor system (iTutor) that analyzes the students\u2019 activities and provide better assistance for language learning purposes.\" \/>\n<meta property=\"og:url\" content=\"https:\/\/www.elltechnologies.com\/es\/personalized-tutor-for-language-learning\/\" \/>\n<meta property=\"og:site_name\" content=\"ELL Technologies\" \/>\n<meta property=\"article:publisher\" content=\"https:\/\/www.facebook.com\/ELLTechnologies\/\" \/>\n<meta property=\"article:modified_time\" content=\"2022-05-31T03:45:23+00:00\" \/>\n<meta property=\"og:image\" content=\"https:\/\/www.elltechnologies.com\/wp-content\/uploads\/2021\/01\/ELL-Thumbnail-compressed.png\" \/>\n\t<meta property=\"og:image:width\" content=\"1200\" \/>\n\t<meta property=\"og:image:height\" content=\"628\" \/>\n\t<meta property=\"og:image:type\" content=\"image\/png\" \/>\n<meta name=\"twitter:card\" content=\"summary_large_image\" \/>\n<meta name=\"twitter:site\" content=\"@ELLTechnologiez\" \/>\n<meta name=\"twitter:label1\" content=\"Tiempo estimado de lectura\" \/>\n\t<meta name=\"twitter:data1\" content=\"2 minutos\" \/>\n<script type=\"application\/ld+json\" class=\"yoast-schema-graph\">{\"@context\":\"https:\/\/schema.org\",\"@graph\":[{\"@type\":\"WebPage\",\"@id\":\"https:\/\/www.elltechnologies.com\/es\/personalized-tutor-for-language-learning\/\",\"url\":\"https:\/\/www.elltechnologies.com\/es\/personalized-tutor-for-language-learning\/\",\"name\":\"Personalized Language Learning Experience for Each Student | Intelligent Tutor\",\"isPartOf\":{\"@id\":\"https:\/\/www.elltechnologies.com\/#website\"},\"datePublished\":\"2021-01-13T01:02:16+00:00\",\"dateModified\":\"2022-05-31T03:45:23+00:00\",\"description\":\"ELL provides an intelligent tutor system (iTutor) that analyzes the students\u2019 activities and provide better assistance for language learning purposes.\",\"breadcrumb\":{\"@id\":\"https:\/\/www.elltechnologies.com\/es\/personalized-tutor-for-language-learning\/#breadcrumb\"},\"inLanguage\":\"es-CO\",\"potentialAction\":[{\"@type\":\"ReadAction\",\"target\":[\"https:\/\/www.elltechnologies.com\/es\/personalized-tutor-for-language-learning\/\"]}]},{\"@type\":\"BreadcrumbList\",\"@id\":\"https:\/\/www.elltechnologies.com\/es\/personalized-tutor-for-language-learning\/#breadcrumb\",\"itemListElement\":[{\"@type\":\"ListItem\",\"position\":1,\"name\":\"Home\",\"item\":\"https:\/\/www.elltechnologies.com\/\"},{\"@type\":\"ListItem\",\"position\":2,\"name\":\"i-Tutor\"}]},{\"@type\":\"WebSite\",\"@id\":\"https:\/\/www.elltechnologies.com\/#website\",\"url\":\"https:\/\/www.elltechnologies.com\/\",\"name\":\"ELL Technologies\",\"description\":\"Everybody Loves Languages\",\"publisher\":{\"@id\":\"https:\/\/www.elltechnologies.com\/#organization\"},\"potentialAction\":[{\"@type\":\"SearchAction\",\"target\":{\"@type\":\"EntryPoint\",\"urlTemplate\":\"https:\/\/www.elltechnologies.com\/?s={search_term_string}\"},\"query-input\":\"required name=search_term_string\"}],\"inLanguage\":\"es-CO\"},{\"@type\":\"Organization\",\"@id\":\"https:\/\/www.elltechnologies.com\/#organization\",\"name\":\"ELL Technologies | Your All-in-One Language Learning Software\",\"url\":\"https:\/\/www.elltechnologies.com\/\",\"logo\":{\"@type\":\"ImageObject\",\"inLanguage\":\"es-CO\",\"@id\":\"https:\/\/www.elltechnologies.com\/#\/schema\/logo\/image\/\",\"url\":\"https:\/\/www.elltechnologies.com\/wp-content\/uploads\/2021\/01\/ELL-logo-icon-onlu.png\",\"contentUrl\":\"https:\/\/www.elltechnologies.com\/wp-content\/uploads\/2021\/01\/ELL-logo-icon-onlu.png\",\"width\":1281,\"height\":1187,\"caption\":\"ELL Technologies | Your All-in-One Language Learning Software\"},\"image\":{\"@id\":\"https:\/\/www.elltechnologies.com\/#\/schema\/logo\/image\/\"},\"sameAs\":[\"https:\/\/www.facebook.com\/ELLTechnologies\/\",\"https:\/\/twitter.com\/ELLTechnologiez\",\"https:\/\/www.instagram.com\/ell_technologies\/\",\"https:\/\/www.linkedin.com\/company\/elltechnologies\/\",\"https:\/\/www.youtube.com\/channel\/UCT4UD74S1ymp2f87wozE4CA\"]}]}<\/script>\n<!-- \/ Yoast SEO plugin. -->","yoast_head_json":{"title":"Personalized Language Learning Experience for Each Student | Intelligent Tutor","description":"ELL provides an intelligent tutor system (iTutor) that analyzes the students\u2019 activities and provide better assistance for language learning purposes.","robots":{"index":"index","follow":"follow","max-snippet":"max-snippet:-1","max-image-preview":"max-image-preview:large","max-video-preview":"max-video-preview:-1"},"canonical":"https:\/\/www.elltechnologies.com\/es\/personalized-tutor-for-language-learning\/","og_locale":"es_ES","og_type":"article","og_title":"Personalized Language Learning Experience for Each Student | Intelligent Tutor","og_description":"ELL provides an intelligent tutor system (iTutor) that analyzes the students\u2019 activities and provide better assistance for language learning purposes.","og_url":"https:\/\/www.elltechnologies.com\/es\/personalized-tutor-for-language-learning\/","og_site_name":"ELL Technologies","article_publisher":"https:\/\/www.facebook.com\/ELLTechnologies\/","article_modified_time":"2022-05-31T03:45:23+00:00","og_image":[{"width":1200,"height":628,"url":"https:\/\/www.elltechnologies.com\/wp-content\/uploads\/2021\/01\/ELL-Thumbnail-compressed.png","type":"image\/png"}],"twitter_card":"summary_large_image","twitter_site":"@ELLTechnologiez","twitter_misc":{"Tiempo estimado de lectura":"2 minutos"},"schema":{"@context":"https:\/\/schema.org","@graph":[{"@type":"WebPage","@id":"https:\/\/www.elltechnologies.com\/es\/personalized-tutor-for-language-learning\/","url":"https:\/\/www.elltechnologies.com\/es\/personalized-tutor-for-language-learning\/","name":"Personalized Language Learning Experience for Each Student | Intelligent Tutor","isPartOf":{"@id":"https:\/\/www.elltechnologies.com\/#website"},"datePublished":"2021-01-13T01:02:16+00:00","dateModified":"2022-05-31T03:45:23+00:00","description":"ELL provides an intelligent tutor system (iTutor) that analyzes the students\u2019 activities and provide better assistance for language learning purposes.","breadcrumb":{"@id":"https:\/\/www.elltechnologies.com\/es\/personalized-tutor-for-language-learning\/#breadcrumb"},"inLanguage":"es-CO","potentialAction":[{"@type":"ReadAction","target":["https:\/\/www.elltechnologies.com\/es\/personalized-tutor-for-language-learning\/"]}]},{"@type":"BreadcrumbList","@id":"https:\/\/www.elltechnologies.com\/es\/personalized-tutor-for-language-learning\/#breadcrumb","itemListElement":[{"@type":"ListItem","position":1,"name":"Home","item":"https:\/\/www.elltechnologies.com\/"},{"@type":"ListItem","position":2,"name":"i-Tutor"}]},{"@type":"WebSite","@id":"https:\/\/www.elltechnologies.com\/#website","url":"https:\/\/www.elltechnologies.com\/","name":"ELL Technologies","description":"Everybody Loves Languages","publisher":{"@id":"https:\/\/www.elltechnologies.com\/#organization"},"potentialAction":[{"@type":"SearchAction","target":{"@type":"EntryPoint","urlTemplate":"https:\/\/www.elltechnologies.com\/?s={search_term_string}"},"query-input":"required name=search_term_string"}],"inLanguage":"es-CO"},{"@type":"Organization","@id":"https:\/\/www.elltechnologies.com\/#organization","name":"ELL Technologies | Your All-in-One Language Learning Software","url":"https:\/\/www.elltechnologies.com\/","logo":{"@type":"ImageObject","inLanguage":"es-CO","@id":"https:\/\/www.elltechnologies.com\/#\/schema\/logo\/image\/","url":"https:\/\/www.elltechnologies.com\/wp-content\/uploads\/2021\/01\/ELL-logo-icon-onlu.png","contentUrl":"https:\/\/www.elltechnologies.com\/wp-content\/uploads\/2021\/01\/ELL-logo-icon-onlu.png","width":1281,"height":1187,"caption":"ELL Technologies | Your All-in-One Language Learning Software"},"image":{"@id":"https:\/\/www.elltechnologies.com\/#\/schema\/logo\/image\/"},"sameAs":["https:\/\/www.facebook.com\/ELLTechnologies\/","https:\/\/twitter.com\/ELLTechnologiez","https:\/\/www.instagram.com\/ell_technologies\/","https:\/\/www.linkedin.com\/company\/elltechnologies\/","https:\/\/www.youtube.com\/channel\/UCT4UD74S1ymp2f87wozE4CA"]}]}},"_links":{"self":[{"href":"https:\/\/www.elltechnologies.com\/es\/wp-json\/wp\/v2\/pages\/8058"}],"collection":[{"href":"https:\/\/www.elltechnologies.com\/es\/wp-json\/wp\/v2\/pages"}],"about":[{"href":"https:\/\/www.elltechnologies.com\/es\/wp-json\/wp\/v2\/types\/page"}],"author":[{"embeddable":true,"href":"https:\/\/www.elltechnologies.com\/es\/wp-json\/wp\/v2\/users\/2"}],"replies":[{"embeddable":true,"href":"https:\/\/www.elltechnologies.com\/es\/wp-json\/wp\/v2\/comments?post=8058"}],"version-history":[{"count":3,"href":"https:\/\/www.elltechnologies.com\/es\/wp-json\/wp\/v2\/pages\/8058\/revisions"}],"predecessor-version":[{"id":10534,"href":"https:\/\/www.elltechnologies.com\/es\/wp-json\/wp\/v2\/pages\/8058\/revisions\/10534"}],"wp:featuredmedia":[{"embeddable":true,"href":"https:\/\/www.elltechnologies.com\/es\/wp-json\/wp\/v2\/media\/8676"}],"wp:attachment":[{"href":"https:\/\/www.elltechnologies.com\/es\/wp-json\/wp\/v2\/media?parent=8058"}],"curies":[{"name":"wp","href":"https:\/\/api.w.org\/{rel}","templated":true}]}}