{"id":9167,"date":"2021-03-16T13:28:37","date_gmt":"2021-03-16T18:28:37","guid":{"rendered":"https:\/\/www.elltechnologies.com\/?page_id=9167"},"modified":"2022-04-10T23:40:11","modified_gmt":"2022-04-11T04:40:11","slug":"dream-role","status":"publish","type":"page","link":"https:\/\/www.elltechnologies.com\/es\/dream-role\/","title":{"rendered":"Dream Role"},"content":{"rendered":"[et_pb_section fb_built=&#8221;1&#8243; fullwidth=&#8221;on&#8221; admin_label=&#8221;Hero Section&#8221; _builder_version=&#8221;4.8.0&#8243; background_enable_color=&#8221;off&#8221; use_background_color_gradient=&#8221;on&#8221; background_color_gradient_start=&#8221;#40bbf7&#8243; background_color_gradient_end=&#8221;#4c32d3&#8243; background_color_gradient_direction=&#8221;275deg&#8221; background_enable_image=&#8221;off&#8221; custom_padding=&#8221;|||&#8221; bottom_divider_style=&#8221;ramp2&#8243; bottom_divider_color=&#8221;#FFFFFF&#8221; bottom_divider_flip=&#8221;horizontal&#8221;][et_pb_fullwidth_header title=&#8221;Dream Role&#8221; subhead=&#8221;%91Toronto &#8211; Remote%93&#8243; button_one_text=&#8221;Apply Now&#8221; button_one_url=&#8221;#apply&#8221; content_max_width=&#8221;900px&#8221; _builder_version=&#8221;4.8.0&#8243; title_font=&#8221;Raleway|700|||||||&#8221; title_font_size=&#8221;50px&#8221; title_line_height=&#8221;1.4em&#8221; content_font=&#8221;Poppins||||||||&#8221; content_line_height=&#8221;1.8em&#8221; subhead_font=&#8221;Poppins|600||on|||||&#8221; subhead_letter_spacing=&#8221;4px&#8221; subhead_line_height=&#8221;1.8em&#8221; background_enable_color=&#8221;off&#8221; background_color_gradient_direction=&#8221;90deg&#8221; custom_button_one=&#8221;on&#8221; button_one_text_size=&#8221;14px&#8221; button_one_bg_color=&#8221;#E542D6&#8243; button_one_border_width=&#8221;12px&#8221; button_one_border_color=&#8221;RGBA(0,0,0,0)&#8221; button_one_letter_spacing=&#8221;2px&#8221; button_one_font=&#8221;Poppins|600||on|||||&#8221; button_one_icon=&#8221;%%3%%&#8221; custom_button_two=&#8221;on&#8221; button_two_text_size=&#8221;14px&#8221; button_two_text_color=&#8221;#29cb8b&#8221; button_two_bg_color=&#8221;#ffffff&#8221; button_two_border_width=&#8221;12px&#8221; button_two_border_color=&#8221;#ffffff&#8221; button_two_letter_spacing=&#8221;2px&#8221; button_two_font=&#8221;Poppins|600||on|||||&#8221; button_two_icon=&#8221;%%3%%&#8221; custom_padding=&#8221;100px||100px||true&#8221; title_font_size_tablet=&#8221;40px&#8221; title_font_size_phone=&#8221;30px&#8221; title_font_size_last_edited=&#8221;on|desktop&#8221; content_font_size_last_edited=&#8221;off|desktop&#8221; subhead_font_size_tablet=&#8221;40px&#8221; subhead_font_size_phone=&#8221;30px&#8221; subhead_font_size_last_edited=&#8221;off|desktop&#8221; box_shadow_style_button_one=&#8221;preset1&#8243; box_shadow_blur_button_one=&#8221;4px&#8221; button_one_letter_spacing_hover=&#8221;2px&#8221; button_two_letter_spacing_hover=&#8221;2px&#8221; button_one_text_size__hover_enabled=&#8221;off&#8221; button_two_text_size__hover_enabled=&#8221;off&#8221; button_one_text_color__hover_enabled=&#8221;off&#8221; button_two_text_color__hover_enabled=&#8221;off&#8221; button_one_border_width__hover_enabled=&#8221;off&#8221; button_two_border_width__hover_enabled=&#8221;off&#8221; button_one_border_color__hover_enabled=&#8221;off&#8221; button_two_border_color__hover_enabled=&#8221;off&#8221; button_one_border_radius__hover_enabled=&#8221;off&#8221; button_two_border_radius__hover_enabled=&#8221;off&#8221; button_one_letter_spacing__hover_enabled=&#8221;on&#8221; button_one_letter_spacing__hover=&#8221;2px&#8221; button_two_letter_spacing__hover_enabled=&#8221;on&#8221; button_two_letter_spacing__hover=&#8221;2px&#8221; button_one_bg_color__hover_enabled=&#8221;off&#8221; button_two_bg_color__hover_enabled=&#8221;off&#8221;][\/et_pb_fullwidth_header][\/et_pb_section][et_pb_section fb_built=&#8221;1&#8243; custom_padding_last_edited=&#8221;off|desktop&#8221; admin_label=&#8221;About Section&#8221; _builder_version=&#8221;3.22&#8243; module_alignment=&#8221;right&#8221; custom_padding=&#8221;80px||80px||true|false&#8221; custom_padding_tablet=&#8221;||120px|&#8221;][et_pb_row _builder_version=&#8221;3.25&#8243;][et_pb_column type=&#8221;4_4&#8243; _builder_version=&#8221;3.25&#8243; custom_padding=&#8221;|||&#8221; custom_padding__hover=&#8221;|||&#8221;][et_pb_text _builder_version=&#8221;4.8.0&#8243; _module_preset=&#8221;default&#8221; header_text_color=&#8221;#4C32D3&#8243;]<h1><strong>About us<\/strong><\/h1>\n<p>Everybody Loves Languages (ELL) combina m\u00e1s de dos d\u00e9cadas de contenido de aprendizaje de idiomas con tecnolog\u00eda de punta. Nos esforzamos por permitir a los educadores ofrecer experiencias de aprendizaje personalizadas en aulas combinadas y en l\u00ednea.<\/p>\n<p>Con oficinas ubicadas tanto en Canad\u00e1 como en China, ofrecemos una selecci\u00f3n diversa de programas educativos y metodolog\u00eda de aprendizaje avanzada y sistemas de gesti\u00f3n de contenido (LMS) para K-12, educaci\u00f3n superior y corporaciones.<\/p>\n<p>With a mission to build a multilingual world using the best technologies and language learning methodologies, our team\u2019s international experience culminates in our product development and service offerings with educational backgrounds that span from Europe to South America to Asia, providing a consultative approach to our customer needs.<\/p>[\/et_pb_text][et_pb_text _builder_version=&#8221;4.8.0&#8243; _module_preset=&#8221;default&#8221; header_2_font=&#8221;|700|||||||&#8221; header_2_text_color=&#8221;#4C32D3&#8243; header_2_font_size=&#8221;24px&#8221; header_2_line_height=&#8221;1.3em&#8221; hover_enabled=&#8221;0&#8243; sticky_enabled=&#8221;0&#8243;]<h2>Looking for your dream role?<\/h2>\n<p><span>Didn\u2019t find the role that is right for you? Send us your resume, and we will be in touch once a suitable position comes up.<\/span><\/p>\n[\/et_pb_text][\/et_pb_column][\/et_pb_row][et_pb_row module_id=&#8221;apply&#8221; _builder_version=&#8221;4.8.0&#8243; _module_preset=&#8221;default&#8221;][et_pb_column type=&#8221;4_4&#8243; _builder_version=&#8221;4.8.0&#8243; _module_preset=&#8221;default&#8221;][et_pb_text _builder_version=&#8221;4.8.0&#8243; _module_preset=&#8221;default&#8221;]\n\t\t\t\t\t\t<script>\n\t\t\t\t\t\t\twindow.hsFormsOnReady = window.hsFormsOnReady || [];\n\t\t\t\t\t\t\twindow.hsFormsOnReady.push(()=>{\n\t\t\t\t\t\t\t\thbspt.forms.create({\n\t\t\t\t\t\t\t\t\tportalId: 8474320,\n\t\t\t\t\t\t\t\t\tformId: \"984d8100-01c6-4b51-ac16-62042a5c34ee\",\n\t\t\t\t\t\t\t\t\ttarget: \"#hbspt-form-1777692368000-5842384718\",\n\t\t\t\t\t\t\t\t\tregion: \"na1\",\n\t\t\t\t\t\t\t\t\t\n\t\t\t\t\t\t\t})});\n\t\t\t\t\t\t<\/script>\n\t\t\t\t\t\t<div class=\"hbspt-form\" id=\"hbspt-form-1777692368000-5842384718\"><\/div>[\/et_pb_text][\/et_pb_column][\/et_pb_row][\/et_pb_section]","protected":false},"excerpt":{"rendered":"<p>About us Everybody Loves Languages (ELL) combines over two decades of language learning content with state-of-the-art technology. We strive to enable educators in delivering personalized learning experiences in blended classrooms and online. With offices located both in Canada and China, we offer a diverse selection of education programs and advanced Learning Methodology and Content Management [&hellip;]<\/p>","protected":false},"author":2,"featured_media":9435,"parent":0,"menu_order":0,"comment_status":"closed","ping_status":"closed","template":"","meta":{"_et_pb_use_builder":"on","_et_pb_old_content":"","_et_gb_content_width":"","content-type":"","om_disable_all_campaigns":false,"_monsterinsights_skip_tracking":false,"_monsterinsights_sitenote_active":false,"_monsterinsights_sitenote_note":"","_monsterinsights_sitenote_category":0,"_uf_show_specific_survey":0,"_uf_disable_surveys":false},"aioseo_notices":[],"yoast_head":"<!-- This site is optimized with the Yoast SEO plugin v20.6 - https:\/\/yoast.com\/wordpress\/plugins\/seo\/ -->\n<title>Are You Looking For Your Dream Role? - ELL Technologies<\/title>\n<meta name=\"description\" content=\"Didn\u2019t find the role that is right for you? Send us your resume, and we will be in touch once a suitable position comes up.\" \/>\n<meta name=\"robots\" content=\"index, follow, max-snippet:-1, max-image-preview:large, max-video-preview:-1\" \/>\n<link rel=\"canonical\" href=\"https:\/\/www.elltechnologies.com\/es\/dream-role\/\" \/>\n<meta property=\"og:locale\" content=\"es_ES\" \/>\n<meta property=\"og:type\" content=\"article\" \/>\n<meta property=\"og:title\" content=\"Are You Looking For Your Dream Role? - ELL Technologies\" \/>\n<meta property=\"og:description\" content=\"Didn\u2019t find the role that is right for you? Send us your resume, and we will be in touch once a suitable position comes up.\" \/>\n<meta property=\"og:url\" content=\"https:\/\/www.elltechnologies.com\/es\/dream-role\/\" \/>\n<meta property=\"og:site_name\" content=\"ELL Technologies\" \/>\n<meta property=\"article:publisher\" content=\"https:\/\/www.facebook.com\/ELLTechnologies\/\" \/>\n<meta property=\"article:modified_time\" content=\"2022-04-11T04:40:11+00:00\" \/>\n<meta property=\"og:image\" content=\"https:\/\/www.elltechnologies.com\/wp-content\/uploads\/2021\/06\/Thumbnail-work-with-us.jpg\" \/>\n\t<meta property=\"og:image:width\" content=\"1200\" \/>\n\t<meta property=\"og:image:height\" content=\"628\" \/>\n\t<meta property=\"og:image:type\" content=\"image\/jpeg\" \/>\n<meta name=\"twitter:card\" content=\"summary_large_image\" \/>\n<meta name=\"twitter:site\" content=\"@ELLTechnologiez\" \/>\n<meta name=\"twitter:label1\" content=\"Tiempo estimado de lectura\" \/>\n\t<meta name=\"twitter:data1\" content=\"2 minutos\" \/>\n<script type=\"application\/ld+json\" class=\"yoast-schema-graph\">{\"@context\":\"https:\/\/schema.org\",\"@graph\":[{\"@type\":\"WebPage\",\"@id\":\"https:\/\/www.elltechnologies.com\/dream-role\/\",\"url\":\"https:\/\/www.elltechnologies.com\/dream-role\/\",\"name\":\"Are You Looking For Your Dream Role? - ELL Technologies\",\"isPartOf\":{\"@id\":\"https:\/\/www.elltechnologies.com\/#website\"},\"datePublished\":\"2021-03-16T18:28:37+00:00\",\"dateModified\":\"2022-04-11T04:40:11+00:00\",\"description\":\"Didn\u2019t find the role that is right for you? Send us your resume, and we will be in touch once a suitable position comes up.\",\"breadcrumb\":{\"@id\":\"https:\/\/www.elltechnologies.com\/dream-role\/#breadcrumb\"},\"inLanguage\":\"es-CO\",\"potentialAction\":[{\"@type\":\"ReadAction\",\"target\":[\"https:\/\/www.elltechnologies.com\/dream-role\/\"]}]},{\"@type\":\"BreadcrumbList\",\"@id\":\"https:\/\/www.elltechnologies.com\/dream-role\/#breadcrumb\",\"itemListElement\":[{\"@type\":\"ListItem\",\"position\":1,\"name\":\"Home\",\"item\":\"https:\/\/www.elltechnologies.com\/\"},{\"@type\":\"ListItem\",\"position\":2,\"name\":\"Dream Role\"}]},{\"@type\":\"WebSite\",\"@id\":\"https:\/\/www.elltechnologies.com\/#website\",\"url\":\"https:\/\/www.elltechnologies.com\/\",\"name\":\"ELL Technologies\",\"description\":\"Everybody Loves Languages\",\"publisher\":{\"@id\":\"https:\/\/www.elltechnologies.com\/#organization\"},\"potentialAction\":[{\"@type\":\"SearchAction\",\"target\":{\"@type\":\"EntryPoint\",\"urlTemplate\":\"https:\/\/www.elltechnologies.com\/?s={search_term_string}\"},\"query-input\":\"required name=search_term_string\"}],\"inLanguage\":\"es-CO\"},{\"@type\":\"Organization\",\"@id\":\"https:\/\/www.elltechnologies.com\/#organization\",\"name\":\"ELL Technologies | Your All-in-One Language Learning Software\",\"url\":\"https:\/\/www.elltechnologies.com\/\",\"logo\":{\"@type\":\"ImageObject\",\"inLanguage\":\"es-CO\",\"@id\":\"https:\/\/www.elltechnologies.com\/#\/schema\/logo\/image\/\",\"url\":\"https:\/\/www.elltechnologies.com\/wp-content\/uploads\/2021\/01\/ELL-logo-icon-onlu.png\",\"contentUrl\":\"https:\/\/www.elltechnologies.com\/wp-content\/uploads\/2021\/01\/ELL-logo-icon-onlu.png\",\"width\":1281,\"height\":1187,\"caption\":\"ELL Technologies | Your All-in-One Language Learning Software\"},\"image\":{\"@id\":\"https:\/\/www.elltechnologies.com\/#\/schema\/logo\/image\/\"},\"sameAs\":[\"https:\/\/www.facebook.com\/ELLTechnologies\/\",\"https:\/\/twitter.com\/ELLTechnologiez\",\"https:\/\/www.instagram.com\/ell_technologies\/\",\"https:\/\/www.linkedin.com\/company\/elltechnologies\/\",\"https:\/\/www.youtube.com\/channel\/UCT4UD74S1ymp2f87wozE4CA\"]}]}<\/script>\n<!-- \/ Yoast SEO plugin. -->","yoast_head_json":{"title":"Are You Looking For Your Dream Role? - ELL Technologies","description":"Didn\u2019t find the role that is right for you? Send us your resume, and we will be in touch once a suitable position comes up.","robots":{"index":"index","follow":"follow","max-snippet":"max-snippet:-1","max-image-preview":"max-image-preview:large","max-video-preview":"max-video-preview:-1"},"canonical":"https:\/\/www.elltechnologies.com\/es\/dream-role\/","og_locale":"es_ES","og_type":"article","og_title":"Are You Looking For Your Dream Role? - ELL Technologies","og_description":"Didn\u2019t find the role that is right for you? Send us your resume, and we will be in touch once a suitable position comes up.","og_url":"https:\/\/www.elltechnologies.com\/es\/dream-role\/","og_site_name":"ELL Technologies","article_publisher":"https:\/\/www.facebook.com\/ELLTechnologies\/","article_modified_time":"2022-04-11T04:40:11+00:00","og_image":[{"width":1200,"height":628,"url":"https:\/\/www.elltechnologies.com\/wp-content\/uploads\/2021\/06\/Thumbnail-work-with-us.jpg","type":"image\/jpeg"}],"twitter_card":"summary_large_image","twitter_site":"@ELLTechnologiez","twitter_misc":{"Tiempo estimado de lectura":"2 minutos"},"schema":{"@context":"https:\/\/schema.org","@graph":[{"@type":"WebPage","@id":"https:\/\/www.elltechnologies.com\/dream-role\/","url":"https:\/\/www.elltechnologies.com\/dream-role\/","name":"Are You Looking For Your Dream Role? - ELL Technologies","isPartOf":{"@id":"https:\/\/www.elltechnologies.com\/#website"},"datePublished":"2021-03-16T18:28:37+00:00","dateModified":"2022-04-11T04:40:11+00:00","description":"Didn\u2019t find the role that is right for you? Send us your resume, and we will be in touch once a suitable position comes up.","breadcrumb":{"@id":"https:\/\/www.elltechnologies.com\/dream-role\/#breadcrumb"},"inLanguage":"es-CO","potentialAction":[{"@type":"ReadAction","target":["https:\/\/www.elltechnologies.com\/dream-role\/"]}]},{"@type":"BreadcrumbList","@id":"https:\/\/www.elltechnologies.com\/dream-role\/#breadcrumb","itemListElement":[{"@type":"ListItem","position":1,"name":"Home","item":"https:\/\/www.elltechnologies.com\/"},{"@type":"ListItem","position":2,"name":"Dream Role"}]},{"@type":"WebSite","@id":"https:\/\/www.elltechnologies.com\/#website","url":"https:\/\/www.elltechnologies.com\/","name":"ELL Technologies","description":"Everybody Loves Languages","publisher":{"@id":"https:\/\/www.elltechnologies.com\/#organization"},"potentialAction":[{"@type":"SearchAction","target":{"@type":"EntryPoint","urlTemplate":"https:\/\/www.elltechnologies.com\/?s={search_term_string}"},"query-input":"required name=search_term_string"}],"inLanguage":"es-CO"},{"@type":"Organization","@id":"https:\/\/www.elltechnologies.com\/#organization","name":"ELL Technologies | Your All-in-One Language Learning Software","url":"https:\/\/www.elltechnologies.com\/","logo":{"@type":"ImageObject","inLanguage":"es-CO","@id":"https:\/\/www.elltechnologies.com\/#\/schema\/logo\/image\/","url":"https:\/\/www.elltechnologies.com\/wp-content\/uploads\/2021\/01\/ELL-logo-icon-onlu.png","contentUrl":"https:\/\/www.elltechnologies.com\/wp-content\/uploads\/2021\/01\/ELL-logo-icon-onlu.png","width":1281,"height":1187,"caption":"ELL Technologies | Your All-in-One Language Learning Software"},"image":{"@id":"https:\/\/www.elltechnologies.com\/#\/schema\/logo\/image\/"},"sameAs":["https:\/\/www.facebook.com\/ELLTechnologies\/","https:\/\/twitter.com\/ELLTechnologiez","https:\/\/www.instagram.com\/ell_technologies\/","https:\/\/www.linkedin.com\/company\/elltechnologies\/","https:\/\/www.youtube.com\/channel\/UCT4UD74S1ymp2f87wozE4CA"]}]}},"_links":{"self":[{"href":"https:\/\/www.elltechnologies.com\/es\/wp-json\/wp\/v2\/pages\/9167"}],"collection":[{"href":"https:\/\/www.elltechnologies.com\/es\/wp-json\/wp\/v2\/pages"}],"about":[{"href":"https:\/\/www.elltechnologies.com\/es\/wp-json\/wp\/v2\/types\/page"}],"author":[{"embeddable":true,"href":"https:\/\/www.elltechnologies.com\/es\/wp-json\/wp\/v2\/users\/2"}],"replies":[{"embeddable":true,"href":"https:\/\/www.elltechnologies.com\/es\/wp-json\/wp\/v2\/comments?post=9167"}],"version-history":[{"count":4,"href":"https:\/\/www.elltechnologies.com\/es\/wp-json\/wp\/v2\/pages\/9167\/revisions"}],"predecessor-version":[{"id":10496,"href":"https:\/\/www.elltechnologies.com\/es\/wp-json\/wp\/v2\/pages\/9167\/revisions\/10496"}],"wp:featuredmedia":[{"embeddable":true,"href":"https:\/\/www.elltechnologies.com\/es\/wp-json\/wp\/v2\/media\/9435"}],"wp:attachment":[{"href":"https:\/\/www.elltechnologies.com\/es\/wp-json\/wp\/v2\/media?parent=9167"}],"curies":[{"name":"wp","href":"https:\/\/api.w.org\/{rel}","templated":true}]}}